{"id":974,"date":"2025-12-02T04:58:45","date_gmt":"2025-12-02T04:58:45","guid":{"rendered":"https:\/\/zaytel.si\/sl\/?page_id=974"},"modified":"2025-12-08T06:36:15","modified_gmt":"2025-12-08T06:36:15","slug":"events","status":"publish","type":"page","link":"https:\/\/zaytel.si\/sl\/events\/","title":{"rendered":"Events"},"content":{"rendered":"<div class=\"vce-row-container\"><div class=\"vce-row vce-row--col-gap-0 events-banner side-space banner-height section-height vce-row-equal-height vce-row-content--middle\" data-vce-full-width=\"true\" data-vce-stretch-content=\"true\" id=\"el-b8463c5d\" data-vce-do-apply=\"all el-b8463c5d\"><div class=\"vce-content-background-container\"><\/div><div class=\"vce-row-content\" data-vce-element-content=\"true\"><div class=\"vce-col vce-col--xs-100p vce-col--xs-visible vce-col--xs-last vce-col--xs-first vce-col--sm-100p vce-col--sm-visible vce-col--sm-last vce-col--sm-first vce-col--md-16p vce-col--md-visible vce-col--md-first vce-col--lg-20p vce-col--lg-visible vce-col--lg-first vce-col--xl-20p vce-col--xl-visible vce-col--xl-first about-col-1\" id=\"el-d6877d3f\"><div class=\"vce-col-inner\" data-vce-do-apply=\"border margin background  el-d6877d3f\"><div class=\"vce-content-background-container\"><\/div><div class=\"vce-col-content\" data-vce-element-content=\"true\" data-vce-do-apply=\"padding el-d6877d3f\"><div class=\"vcv-row-control-wrapper\"><\/div><\/div><\/div><\/div><div class=\"vce-col vce-col--xs-100p vce-col--xs-visible vce-col--xs-last vce-col--xs-first vce-col--sm-100p vce-col--sm-visible vce-col--sm-last vce-col--sm-first vce-col--md-68p vce-col--md-visible vce-col--lg-60p vce-col--lg-visible vce-col--xl-60p vce-col--xl-visible events-heading\" id=\"el-2eed78b2\"><div class=\"vce-col-inner\" data-vce-do-apply=\"border margin background  el-2eed78b2\"><div class=\"vce-col-content\" data-vce-element-content=\"true\" data-vce-do-apply=\"padding el-2eed78b2\"><div class=\"vce-text-block heading\"><div class=\"vce-text-block-wrapper vce\" id=\"el-afdda681\" data-vce-do-apply=\"all el-afdda681\"><h2 style=\"text-align: center;\">ZAYTEL Events: Powering Conversations, Inspiring Innovation<\/h2><p style=\"text-align: center;\">Lorem ipsum dolor sit amet, consectetur adipiscing elit, sed do eiusmod tempor incididunt ut labore et dolore magna aliqua. Ut enim ad minim Lorem ips Lorem ipsum dolor sit am<\/p><\/div><\/div><div class=\"vce-button-group-container banner-btn-grup\" id=\"el-93b770cd\" data-vce-do-apply=\"all el-93b770cd\"><div class=\"vce-button-group vce-button-group--gap-20 vce-button-group-alignment--center vce-button-group-vertical-alignment--middle\"><div class=\"vce-button--style-basic-container red-btn-arrow vce-button--style-basic-container--align-center\"><span class=\"vce-button--style-basic-wrapper vce\" id=\"el-eb4a5de9\" data-vce-do-apply=\"margin el-eb4a5de9\"><a class=\"vce-button vce-button--style-basic vce-button--style-basic--border-square vce-button--style-basic--size-medium vce-button--style-basic--color-557cbf--fff\" href=\"https:\/\/zaytel.si\/sl\/events\/#events\" title=\"\" rel=\"nofollow\" data-vce-do-apply=\"padding border background  el-eb4a5de9\">Explore Upcoming Events<\/a><\/span><\/div><div class=\"vce-button--style-basic-container white-btn-arrow vce-button--style-basic-container--align-center\"><span class=\"vce-button--style-basic-wrapper vce\" id=\"el-ee90d9fd\" data-vce-do-apply=\"margin el-ee90d9fd\"><a class=\"vce-button vce-button--style-basic vce-button--style-basic--border-square vce-button--style-basic--size-medium vce-button--style-basic--color-557cbf--fff\" href=\"https:\/\/zaytel.si\/sl\/partnerships\/\" title=\"\" rel=\"nofollow\" data-vce-do-apply=\"padding border background  el-ee90d9fd\">Partner With Us<\/a><\/span><\/div><\/div><\/div><\/div><\/div><\/div><div class=\"vce-col vce-col--xs-100p vce-col--xs-visible vce-col--xs-last vce-col--xs-first vce-col--sm-100p vce-col--sm-visible vce-col--sm-last vce-col--sm-first vce-col--md-16p vce-col--md-visible vce-col--md-last vce-col--lg-20p vce-col--lg-visible vce-col--lg-last vce-col--xl-20p vce-col--xl-visible vce-col--xl-last about-col-3\" id=\"el-0e80d2b5\"><div class=\"vce-col-inner\" data-vce-do-apply=\"border margin background  el-0e80d2b5\"><div class=\"vce-content-background-container\"><\/div><div class=\"vce-col-content\" data-vce-element-content=\"true\" data-vce-do-apply=\"padding el-0e80d2b5\"><div class=\"vcv-row-control-wrapper\"><\/div><\/div><\/div><\/div><\/div><\/div><\/div><div class=\"vce-row-container\" id=\"events\"><div class=\"vce-row vce-row--col-gap-30 events-row side-space tb-space vce-row-equal-height vce-row-content--top\" data-vce-full-width=\"true\" data-vce-stretch-content=\"true\" id=\"el-4940487b\" data-vce-do-apply=\"all el-4940487b\"><div class=\"vce-row-content\" data-vce-element-content=\"true\"><div class=\"vce-col vce-col--md-auto vce-col--xs-1 vce-col--xs-last vce-col--xs-first vce-col--sm-last vce-col--sm-first vce-col--md-last vce-col--lg-last vce-col--xl-last vce-col--md-first vce-col--lg-first vce-col--xl-first\" id=\"el-6799a5a7\"><div class=\"vce-col-inner\" data-vce-do-apply=\"border margin background  el-6799a5a7\"><div class=\"vce-col-content\" data-vce-element-content=\"true\" data-vce-do-apply=\"padding el-6799a5a7\"><div class=\"vce-shortcode\"><div class=\"vce-shortcode-wrapper vce\" id=\"el-c3b7306b\" data-vce-do-apply=\"all el-c3b7306b\">\r\n<!-- Single masonry layout without tabs -->\r\n<div class=\"masonry-wrapper\">\r\n    <div class=\"masonry\" id=\"masonry-all\">\r\n                        <div class=\"column\">\r\n                                                <div class=\"card small \"\r\n                                data-gallery='[\"https:\\\/\\\/zaytel.si\\\/sl\\\/wp-content\\\/uploads\\\/2026\\\/01\\\/1758109539196.webp\",\"https:\\\/\\\/zaytel.si\\\/sl\\\/wp-content\\\/uploads\\\/2026\\\/01\\\/1758109539608.webp\",\"https:\\\/\\\/zaytel.si\\\/sl\\\/wp-content\\\/uploads\\\/2026\\\/01\\\/1758109539637.webp\",\"https:\\\/\\\/zaytel.si\\\/sl\\\/wp-content\\\/uploads\\\/2026\\\/01\\\/1758109541184.webp\",\"https:\\\/\\\/zaytel.si\\\/sl\\\/wp-content\\\/uploads\\\/2026\\\/01\\\/1758613948151.webp\"]'\r\n                                data-title=\"WWC Madrid \/ Zlati sponzor\"\r\n                                onclick=\"openLightbox(this)\">\r\n\r\n                                <div class=\"bg\" style=\"background-image:url('https:\/\/zaytel.si\/sl\/wp-content\/uploads\/2026\/01\/1758109539196.webp')\"><\/div>\r\n                                <div class=\"overlay\">\r\n                                    <p class=\"event-title\">WWC Madrid \/ Zlati sponzor<\/p>\r\n                                    <span class=\"dot\"><\/span>\r\n                                    <span class=\"event-date\">3 meseci ago<\/span>\r\n                                <\/div>\r\n                            <\/div>\r\n                                                                        <div class=\"card large \"\r\n                                data-gallery='[\"https:\\\/\\\/zaytel.si\\\/sl\\\/wp-content\\\/uploads\\\/2026\\\/01\\\/1750073894838.webp\",\"https:\\\/\\\/zaytel.si\\\/sl\\\/wp-content\\\/uploads\\\/2026\\\/01\\\/1750277755796.webp\",\"https:\\\/\\\/zaytel.si\\\/sl\\\/wp-content\\\/uploads\\\/2026\\\/01\\\/1750277757391.webp\",\"https:\\\/\\\/zaytel.si\\\/sl\\\/wp-content\\\/uploads\\\/2026\\\/01\\\/1750277757721.webp\",\"https:\\\/\\\/zaytel.si\\\/sl\\\/wp-content\\\/uploads\\\/2026\\\/01\\\/1750277759122.webp\"]'\r\n                                data-title=\"GCCM Berlin \/ Zlati sponzor\"\r\n                                onclick=\"openLightbox(this)\">\r\n\r\n                                <div class=\"bg\" style=\"background-image:url('https:\/\/zaytel.si\/sl\/wp-content\/uploads\/2026\/01\/1750073894838.webp')\"><\/div>\r\n                                <div class=\"overlay\">\r\n                                    <p class=\"event-title\">GCCM Berlin \/ Zlati sponzor<\/p>\r\n                                    <span class=\"dot\"><\/span>\r\n                                    <span class=\"event-date\">3 meseci ago<\/span>\r\n                                <\/div>\r\n                            <\/div>\r\n                                                            <\/div>\r\n                            <div class=\"column\">\r\n                                                <div class=\"card medium \"\r\n                                data-gallery='[\"https:\\\/\\\/zaytel.si\\\/sl\\\/wp-content\\\/uploads\\\/2026\\\/01\\\/1762171303343.webp\",\"https:\\\/\\\/zaytel.si\\\/sl\\\/wp-content\\\/uploads\\\/2026\\\/01\\\/1762171305215.webp\",\"https:\\\/\\\/zaytel.si\\\/sl\\\/wp-content\\\/uploads\\\/2026\\\/01\\\/1762422933600.webp\",\"https:\\\/\\\/zaytel.si\\\/sl\\\/wp-content\\\/uploads\\\/2026\\\/01\\\/1762422933691.webp\",\"https:\\\/\\\/zaytel.si\\\/sl\\\/wp-content\\\/uploads\\\/2026\\\/01\\\/1762422934245.webp\",\"https:\\\/\\\/zaytel.si\\\/sl\\\/wp-content\\\/uploads\\\/2026\\\/01\\\/1762422934538.webp\",\"https:\\\/\\\/zaytel.si\\\/sl\\\/wp-content\\\/uploads\\\/2026\\\/01\\\/1762422937057.webp\",\"https:\\\/\\\/zaytel.si\\\/sl\\\/wp-content\\\/uploads\\\/2026\\\/01\\\/1762426072028.webp\",\"https:\\\/\\\/zaytel.si\\\/sl\\\/wp-content\\\/uploads\\\/2026\\\/01\\\/1762426073153.webp\",\"https:\\\/\\\/zaytel.si\\\/sl\\\/wp-content\\\/uploads\\\/2026\\\/01\\\/1762426073402.webp\",\"https:\\\/\\\/zaytel.si\\\/sl\\\/wp-content\\\/uploads\\\/2026\\\/01\\\/1762426073444.webp\",\"https:\\\/\\\/zaytel.si\\\/sl\\\/wp-content\\\/uploads\\\/2026\\\/01\\\/1762783436225.webp\",\"https:\\\/\\\/zaytel.si\\\/sl\\\/wp-content\\\/uploads\\\/2026\\\/01\\\/1762783436258.webp\",\"https:\\\/\\\/zaytel.si\\\/sl\\\/wp-content\\\/uploads\\\/2026\\\/01\\\/1762783436333.webp\",\"https:\\\/\\\/zaytel.si\\\/sl\\\/wp-content\\\/uploads\\\/2026\\\/01\\\/1762783436366.webp\",\"https:\\\/\\\/zaytel.si\\\/sl\\\/wp-content\\\/uploads\\\/2026\\\/01\\\/1762783436376.webp\",\"https:\\\/\\\/zaytel.si\\\/sl\\\/wp-content\\\/uploads\\\/2026\\\/01\\\/1762783436382.webp\",\"https:\\\/\\\/zaytel.si\\\/sl\\\/wp-content\\\/uploads\\\/2026\\\/01\\\/1762783436542.webp\",\"https:\\\/\\\/zaytel.si\\\/sl\\\/wp-content\\\/uploads\\\/2026\\\/01\\\/gccm-oman.webp\"]'\r\n                                data-title=\"GCCM Oman \/ Razstavljavec\"\r\n                                onclick=\"openLightbox(this)\">\r\n\r\n                                <div class=\"bg\" style=\"background-image:url('https:\/\/zaytel.si\/sl\/wp-content\/uploads\/2026\/01\/1762171303343.webp')\"><\/div>\r\n                                <div class=\"overlay\">\r\n                                    <p class=\"event-title\">GCCM Oman \/ Razstavljavec<\/p>\r\n                                    <span class=\"dot\"><\/span>\r\n                                    <span class=\"event-date\">3 meseci ago<\/span>\r\n                                <\/div>\r\n                            <\/div>\r\n                                                                        <div class=\"card small \"\r\n                                data-gallery='[\"https:\\\/\\\/zaytel.si\\\/sl\\\/wp-content\\\/uploads\\\/2026\\\/01\\\/1738839782128-1.webp\",\"https:\\\/\\\/zaytel.si\\\/sl\\\/wp-content\\\/uploads\\\/2026\\\/01\\\/1738915277048-1.webp\",\"https:\\\/\\\/zaytel.si\\\/sl\\\/wp-content\\\/uploads\\\/2026\\\/01\\\/1738915277220-1.webp\",\"https:\\\/\\\/zaytel.si\\\/sl\\\/wp-content\\\/uploads\\\/2026\\\/01\\\/1738916519140-1.webp\",\"https:\\\/\\\/zaytel.si\\\/sl\\\/wp-content\\\/uploads\\\/2026\\\/01\\\/1738995842292-1.webp\",\"https:\\\/\\\/zaytel.si\\\/sl\\\/wp-content\\\/uploads\\\/2026\\\/01\\\/1738995842450-1.webp\",\"https:\\\/\\\/zaytel.si\\\/sl\\\/wp-content\\\/uploads\\\/2026\\\/01\\\/1738995842462-1.webp\",\"https:\\\/\\\/zaytel.si\\\/sl\\\/wp-content\\\/uploads\\\/2026\\\/01\\\/1738995842572-1.webp\",\"https:\\\/\\\/zaytel.si\\\/sl\\\/wp-content\\\/uploads\\\/2026\\\/01\\\/1738995843794-1.webp\",\"https:\\\/\\\/zaytel.si\\\/sl\\\/wp-content\\\/uploads\\\/2026\\\/01\\\/1738839779809-1.webp\"]'\r\n                                data-title=\"Capacity Middle East \/ Razstavljavec\"\r\n                                onclick=\"openLightbox(this)\">\r\n\r\n                                <div class=\"bg\" style=\"background-image:url('https:\/\/zaytel.si\/sl\/wp-content\/uploads\/2026\/01\/1738839782128-1.webp')\"><\/div>\r\n                                <div class=\"overlay\">\r\n                                    <p class=\"event-title\">Capacity Middle East \/ Razstavljavec<\/p>\r\n                                    <span class=\"dot\"><\/span>\r\n                                    <span class=\"event-date\">3 meseci ago<\/span>\r\n                                <\/div>\r\n                            <\/div>\r\n                                                            <\/div>\r\n                            <div class=\"column\">\r\n                                                <div class=\"card large \"\r\n                                data-gallery='[\"https:\\\/\\\/zaytel.si\\\/sl\\\/wp-content\\\/uploads\\\/2026\\\/01\\\/1738011641962.webp\",\"https:\\\/\\\/zaytel.si\\\/sl\\\/wp-content\\\/uploads\\\/2026\\\/01\\\/1738011643832.webp\",\"https:\\\/\\\/zaytel.si\\\/sl\\\/wp-content\\\/uploads\\\/2026\\\/01\\\/1738011644806.webp\",\"https:\\\/\\\/zaytel.si\\\/sl\\\/wp-content\\\/uploads\\\/2026\\\/01\\\/1738011644937.webp\"]'\r\n                                data-title=\"GCCM London \/ Platinasti sponzor\"\r\n                                onclick=\"openLightbox(this)\">\r\n\r\n                                <div class=\"bg\" style=\"background-image:url('https:\/\/zaytel.si\/sl\/wp-content\/uploads\/2026\/01\/1738011641962.webp')\"><\/div>\r\n                                <div class=\"overlay\">\r\n                                    <p class=\"event-title\">GCCM London \/ Platinasti sponzor<\/p>\r\n                                    <span class=\"dot\"><\/span>\r\n                                    <span class=\"event-date\">3 meseci ago<\/span>\r\n                                <\/div>\r\n                            <\/div>\r\n                                                                        <div class=\"card medium \"\r\n                                data-gallery='[\"https:\\\/\\\/zaytel.si\\\/sl\\\/wp-content\\\/uploads\\\/2026\\\/01\\\/04a785f4-9484-49c3-869f-1374caabfcd6.webp\"]'\r\n                                data-title=\"Bo\u017ei\u010dna ve\u010derja\"\r\n                                onclick=\"openLightbox(this)\">\r\n\r\n                                <div class=\"bg\" style=\"background-image:url('https:\/\/zaytel.si\/sl\/wp-content\/uploads\/2026\/01\/04a785f4-9484-49c3-869f-1374caabfcd6.webp')\"><\/div>\r\n                                <div class=\"overlay\">\r\n                                    <p class=\"event-title\">Bo\u017ei\u010dna ve\u010derja<\/p>\r\n                                    <span class=\"dot\"><\/span>\r\n                                    <span class=\"event-date\">3 meseci ago<\/span>\r\n                                <\/div>\r\n                            <\/div>\r\n                                                            <\/div>\r\n                    <\/div>\r\n        \r\n            <\/div>\r\n\r\n<!-- Lightbox -->\r\n<div id=\"lightbox\">\r\n    <img id=\"lightbox-img\" alt=\"Event Image\">\r\n    <p id=\"lightbox-title\" class=\"event-title\"><\/p>\r\n\r\n    <span id=\"lightbox-close\" onclick=\"closeLightbox(event)\">&#10005;<\/span>\r\n    <div id=\"lightbox-prev\">&#10094;<\/div>\r\n    <div id=\"lightbox-next\">&#10095;<\/div>\r\n<\/div>\r\n\r\n<style>\r\n    .masonry {\r\n        display: flex;\r\n        gap: 20px;\r\n        align-items: flex-start;\r\n    }\r\n\r\n    .column {\r\n        flex: 1;\r\n        display: flex;\r\n        flex-direction: column;\r\n        gap: 20px;\r\n    }\r\n\r\n    .card {\r\n        position: relative;\r\n        border-radius: 12px;\r\n        overflow: hidden;\r\n        cursor: pointer;\r\n        opacity: 0;\r\n        transform: translateY(40px);\r\n        transition: 0.6s;\r\n        flex-shrink: 0;\r\n    }\r\n\r\n    .card.placeholder {\r\n        height: 0 !important;\r\n        min-height: 0 !important;\r\n        margin: 0 !important;\r\n        padding: 0 !important;\r\n        border: 0 !important;\r\n        visibility: hidden !important;\r\n        pointer-events: none !important;\r\n        opacity: 0 !important;\r\n    }\r\n\r\n    .hidden-card {\r\n        display: none;\r\n    }\r\n\r\n    .card.visible {\r\n        opacity: 1;\r\n        transform: translateY(0);\r\n    }\r\n\r\n    .bg {\r\n        position: absolute;\r\n        top: 0;\r\n        left: 0;\r\n        right: 0;\r\n        bottom: 0;\r\n        background-size: cover;\r\n        background-position: center;\r\n        z-index: 1;\r\n        transition: transform 0.5s ease-in-out;\r\n    }\r\n    .card:hover .bg {\r\n        transform: scale(1.1);\r\n    }\r\n\r\n\r\n    .small {\r\n        height: 220px;\r\n    }\r\n\r\n    .medium {\r\n        height: 320px;\r\n    }\r\n\r\n    .large {\r\n        height: 420px;\r\n    }\r\n\r\n    .overlay {\r\n        position: absolute;\r\n        bottom: 12px;\r\n        left: 12px;\r\n        background: linear-gradient(180deg, #BBC0CE 0%, #9B9FA9 100%);\r\n        padding: 6px 12px 17px 12px;\r\n        display: inline-flex;\r\n        align-items: center;\r\n        color: #0C1B2C;\r\n        font-size: 15px;\r\n        font-weight: 400;\r\n        box-shadow: 0 2px 8px rgba(0, 0, 0, 0.3);\r\n        z-index: 2;\r\n        white-space: nowrap;\r\n        overflow: hidden;\r\n        text-overflow: ellipsis;\r\n        clip-path: polygon(0% 0%, 102% 0%, 100% 77%, 100% 75%, 6% 75%, 0 100%, 0 70%);\r\n        border-radius: 6px 6px 20px 0;\r\n    }\r\n    .overlay .event-title{\r\n        margin-bottom: 0 !important;\r\n        max-width: 200px;\r\n        white-space: nowrap;\r\n        overflow: hidden;\r\n        text-overflow: ellipsis;\r\n    }\r\n\r\n    .dot {\r\n        height: 8px;\r\n        width: 8px;\r\n        background: #e03e3e;\r\n        border-radius: 50%;\r\n        margin: 0 8px;\r\n        flex-shrink: 0;\r\n    }\r\n\r\n    #lightbox {\r\n        position: fixed;\r\n        top: 0;\r\n        left: 0;\r\n        width: 100%;\r\n        height: 100%;\r\n        background: rgba(0, 0, 0, 0.85);\r\n        display: none;\r\n        justify-content: center;\r\n        align-items: center;\r\n        z-index: 9999;\r\n    }\r\n\r\n    #lightbox img {\r\n        border-radius: 10px;\r\n        width: auto;\r\n        height: auto;\r\n        max-width: 90%;\r\n        max-height: 90%;\r\n        position: relative;\r\n        z-index: 1;\r\n        object-fit: cover;\r\n    }\r\n\r\n    #lightbox-prev,\r\n    #lightbox-next {\r\n        position: absolute;\r\n        top: 50%;\r\n        color: #fff;\r\n        font-size: 2rem;\r\n        cursor: pointer;\r\n        user-select: none;\r\n        padding: 12px;\r\n        transform: translateY(-50%);\r\n    }\r\n\r\n    #lightbox-prev {\r\n        left: 50px;\r\n    }\r\n\r\n    #lightbox-next {\r\n        right: 50px;\r\n    }\r\n\r\n    #lightbox-close {\r\n        position: absolute;\r\n        top: 7%;\r\n        right: 17%;\r\n        color: #fff;\r\n        font-size: 22px;\r\n        font-weight: bold;\r\n        cursor: pointer;\r\n        z-index: 10000;\r\n        user-select: none;\r\n    }\r\n\r\n    .load-more {\r\n        background-color: #0C1B2C;\r\n        color: #fff;\r\n        font-size: 15px;\r\n        font-weight: 500;\r\n        border-radius: 16px;\r\n        padding: 15px 50px 15px 20px;\r\n        position: relative;\r\n    }\r\n\r\n    .load-more::after {\r\n        background-image: url(\/wp-content\/uploads\/2025\/11\/arrow.svg);\r\n        background-repeat: no-repeat;\r\n        background-size: contain;\r\n        content: \"\";\r\n        height: 20px;\r\n        position: absolute;\r\n        right: 20px;\r\n        top: 50%;\r\n        transform: translateY(-50%);\r\n        width: 20px;\r\n    }\r\n\r\n    .load-div {\r\n        margin-top: 40px;\r\n    }\r\n    #lightbox-title{\r\n        position: absolute;\r\n        bottom: 15px;\r\n        left: 21%;\r\n        color: #FFF;\r\n        font-weight: 500;\r\n        font-size: 18px;\r\n        text-decoration-line: underline;\r\n    }\r\n    \r\n    @media(max-width: 600px) {\r\n        #lightbox-close {\r\n            font-size: 18px;\r\n            top: 32%;\r\n            right: 15px;\r\n        }\r\n    }\r\n\r\n    @media (min-width: 1025px) {\r\n        #lightbox img {\r\n            width: auto;\r\n            height: 80%;\r\n            max-height: 500px;\r\n    }\r\n    }\r\n\r\n    @media (min-width: 601px) and (max-width: 1024px) {\r\n        #lightbox img {\r\n            width: 70%;\r\n            height: auto;\r\n            max-height: 450px;\r\n        }\r\n\r\n        #lightbox-close {\r\n            position: absolute;\r\n            top: 25%;\r\n            right: 10%;\r\n            color: #fff;\r\n            font-size: 22px;\r\n            font-weight: bold;\r\n            cursor: pointer;\r\n            z-index: 10000;\r\n            user-select: none;\r\n        }\r\n    }\r\n\r\n    @media (max-width: 600px) {\r\n        #lightbox img {\r\n            width: 95%;\r\n            height: auto;\r\n            max-height: 350px;\r\n        }\r\n    }\r\n\r\n    @media(max-width:900px) {\r\n        .masonry {\r\n            flex-direction: column;\r\n        }\r\n\r\n        .column {\r\n            width: 100%;\r\n        }\r\n        \r\n        \/* Hide placeholders on mobile *\/\r\n        .card.placeholder {\r\n            display: none !important;\r\n        }\r\n    }\r\n<\/style>\r\n\r\n<script>\r\n    const observer = new IntersectionObserver(entries => {\r\n        entries.forEach(entry => {\r\n            if (entry.isIntersecting) {\r\n                entry.target.classList.add('visible');\r\n                observer.unobserve(entry.target);\r\n            }\r\n        });\r\n    }, { threshold: 0.1 });\r\n\r\n    \/\/ Only observe real cards, not placeholders\r\n    document.querySelectorAll('.card:not(.placeholder)').forEach(c => observer.observe(c));\r\n\r\n    let lightbox = document.getElementById('lightbox');\r\n    let lightboxImg = document.getElementById('lightbox-img');\r\n    let currentGallery = [];\r\n    let currentIndex = 0;\r\n\r\n    function openLightbox(card) {\r\n    currentGallery = JSON.parse(card.getAttribute('data-gallery'));\r\n    currentIndex = 0;\r\n\r\n    \/\/ Set title\r\n    document.getElementById('lightbox-title').innerText =\r\n        card.getAttribute('data-title');\r\n\r\n    lightbox.style.display = 'flex';\r\n    lightboxImg.src = currentGallery[currentIndex];\r\n}\r\n\r\n    function closeLightbox(e) {\r\n        if (e) e.stopPropagation(); \r\n        lightbox.style.display = 'none';\r\n    }\r\n\r\n    document.getElementById('lightbox-prev').onclick = e => {\r\n        e.stopPropagation();\r\n        currentIndex = (currentIndex - 1 + currentGallery.length) % currentGallery.length;\r\n        lightboxImg.src = currentGallery[currentIndex];\r\n    }\r\n\r\n    document.getElementById('lightbox-next').onclick = e => {\r\n        e.stopPropagation();\r\n        currentIndex = (currentIndex + 1) % currentGallery.length;\r\n        lightboxImg.src = currentGallery[currentIndex];\r\n    }\r\n\r\n    document.querySelectorAll('.load-more').forEach(btn => {\r\n        btn.addEventListener('click', function () {\r\n            const cards = document.querySelectorAll(`.hidden-card`);\r\n            cards.forEach(card => {\r\n                card.classList.remove('hidden-card');\r\n                card.classList.add('visible');\r\n            });\r\n            this.style.display = 'none'; \r\n        });\r\n    });\r\n    \r\n    \/\/ Simple alignment fix - no massive padding\r\n    function simpleAlignment() {\r\n        document.querySelectorAll('.masonry').forEach(masonry => {\r\n            const columns = masonry.querySelectorAll('.column');\r\n            \/\/ Just ensure all columns align at the top\r\n            columns.forEach(col => {\r\n                col.style.alignSelf = 'flex-start';\r\n            });\r\n        });\r\n    }\r\n    \r\n    \/\/ Run alignment on load\r\n    window.addEventListener('load', simpleAlignment);\r\n<\/script><\/div><\/div><\/div><\/div><\/div><\/div><\/div><\/div>","protected":false},"excerpt":{"rendered":"<p>ZAYTEL Events: Powering Conversations, Inspiring InnovationLorem ipsum dolor sit amet, consectetur adipiscing elit, sed do eiusmod tempor incididunt ut labore et dolore magna aliqua. Ut enim ad minim Lorem ips Lorem ipsum dolor sit amExplore Upcoming EventsPartner With Us<\/p>\n","protected":false},"author":2,"featured_media":0,"parent":0,"menu_order":0,"comment_status":"closed","ping_status":"closed","template":"","meta":{"inline_featured_image":false,"footnotes":""},"class_list":["post-974","page","type-page","status-publish","hentry"],"_links":{"self":[{"href":"https:\/\/zaytel.si\/sl\/wp-json\/wp\/v2\/pages\/974","targetHints":{"allow":["GET"]}}],"collection":[{"href":"https:\/\/zaytel.si\/sl\/wp-json\/wp\/v2\/pages"}],"about":[{"href":"https:\/\/zaytel.si\/sl\/wp-json\/wp\/v2\/types\/page"}],"author":[{"embeddable":true,"href":"https:\/\/zaytel.si\/sl\/wp-json\/wp\/v2\/users\/2"}],"replies":[{"embeddable":true,"href":"https:\/\/zaytel.si\/sl\/wp-json\/wp\/v2\/comments?post=974"}],"version-history":[{"count":0,"href":"https:\/\/zaytel.si\/sl\/wp-json\/wp\/v2\/pages\/974\/revisions"}],"wp:attachment":[{"href":"https:\/\/zaytel.si\/sl\/wp-json\/wp\/v2\/media?parent=974"}],"curies":[{"name":"wp","href":"https:\/\/api.w.org\/{rel}","templated":true}]}}