{"id":877,"date":"2025-11-27T11:25:43","date_gmt":"2025-11-27T11:25:43","guid":{"rendered":"https:\/\/zaytel.si\/sl\/?page_id=877"},"modified":"2025-12-29T06:58:35","modified_gmt":"2025-12-29T06:58:35","slug":"cookie-policy","status":"publish","type":"page","link":"https:\/\/zaytel.si\/sl\/cookie-policy\/","title":{"rendered":"Cookie Policy"},"content":{"rendered":"<div class=\"vce-row-container\"><div class=\"vce-row vce-row--col-gap-30 side-space Key-Strengths-row tb-space primary-section-color vce-row-equal-height vce-row-content--middle\" data-vce-full-width=\"true\" data-vce-stretch-content=\"true\" id=\"el-2fd52454\" data-vce-do-apply=\"all el-2fd52454\"><div class=\"vce-row-content\" data-vce-element-content=\"true\"><div class=\"vce-col vce-col--md-100p vce-col--xs-1 vce-col--xs-last vce-col--xs-first vce-col--sm-last vce-col--sm-first vce-col--md-last vce-col--lg-last vce-col--xl-last vce-col--md-first vce-col--lg-first vce-col--xl-first strength-cards-col\" id=\"el-f61c22a7\"><div class=\"vce-col-inner\" data-vce-do-apply=\"border margin background  el-f61c22a7\"><div class=\"vce-col-content\" data-vce-element-content=\"true\" data-vce-do-apply=\"padding el-f61c22a7\"><div class=\"vce-row-container\" data-vce-boxed-width=\"true\"><div class=\"vce-row vce-row--col-gap-25 strength-cards-row vce-row-equal-height vce-row-content--top\" id=\"el-2bc3e909\" data-vce-do-apply=\"all el-2bc3e909\"><div class=\"vce-row-content\" data-vce-element-content=\"true\"><div class=\"vce-col vce-col--xs-100p vce-col--xs-visible vce-col--xs-last vce-col--xs-first vce-col--sm-50p vce-col--sm-visible vce-col--sm-first vce-col--md-50p vce-col--md-visible vce-col--md-first vce-col--lg-33-33p vce-col--lg-visible vce-col--lg-first vce-col--xl-33-33p vce-col--xl-visible vce-col--xl-first legal-card card1\" id=\"el-b936273d\"><div class=\"vce-col-inner\" data-vce-do-apply=\"border margin background  el-b936273d\"><div class=\"vce-col-content\" data-vce-element-content=\"true\" data-vce-do-apply=\"padding el-b936273d\"><div class=\"vce-single-image-container strength-icon vce-single-image--align-left\"><div class=\"vce vce-single-image-wrapper\" id=\"el-440e07bd\" data-vce-do-apply=\"all el-440e07bd\"><figure><div class=\"vce-single-image-figure-inner\" style=\"width: 40px;\"><div class=\"vce-single-image-inner vce-single-image--absolute\" style=\"width: 100%; padding-bottom: 100%;\"><img loading=\"lazy\" decoding=\"async\" class=\"vce-single-image\"  width=\"40\" height=\"40\" src=\"https:\/\/zaytel.si\/sl\/wp-content\/uploads\/2025\/11\/privacy-policy-icon.svg\" data-img-src=\"https:\/\/zaytel.si\/sl\/wp-content\/uploads\/2025\/11\/privacy-policy-icon.svg\" data-attachment-id=\"845\"  alt=\"\" title=\"privacy-policy-icon\" \/><\/div><\/div><figcaption hidden=\"\"><\/figcaption><\/figure><\/div><\/div><div class=\"vce-text-block card-txt\"><div class=\"vce-text-block-wrapper vce\" id=\"el-8d1723c9\" data-vce-do-apply=\"all el-8d1723c9\"><h4><a href=\"\/sl\/privacy-policy\">Politika zasebnosti<\/a><\/h4><p><a href=\"\/sl\/privacy-policy\">Osebne podatke zbiramo le po potrebi in jih nikoli ne delimo brez va\u0161ega informiranega soglasja.<\/a><\/p><\/div><\/div><\/div><\/div><\/div><div class=\"vce-col vce-col--xs-100p vce-col--xs-visible vce-col--xs-last vce-col--xs-first vce-col--sm-50p vce-col--sm-visible vce-col--sm-last vce-col--md-50p vce-col--md-visible vce-col--md-last vce-col--lg-33-33p vce-col--lg-visible vce-col--xl-33-33p vce-col--xl-visible legal-card card1\" id=\"el-f80cd4b5\"><div class=\"vce-col-inner\" data-vce-do-apply=\"border margin background  el-f80cd4b5\"><div class=\"vce-col-content\" data-vce-element-content=\"true\" data-vce-do-apply=\"padding el-f80cd4b5\"><div class=\"vce-single-image-container strength-icon vce-single-image--align-left\"><div class=\"vce vce-single-image-wrapper\" id=\"el-3a9d5c72\" data-vce-do-apply=\"all el-3a9d5c72\"><figure><div class=\"vce-single-image-figure-inner\" style=\"width: 40px;\"><div class=\"vce-single-image-inner vce-single-image--absolute\" style=\"width: 100%; padding-bottom: 100%;\"><img loading=\"lazy\" decoding=\"async\" class=\"vce-single-image\"  width=\"40\" height=\"40\" src=\"https:\/\/zaytel.si\/sl\/wp-content\/uploads\/2025\/11\/Terms-conditions-icon.svg\" data-img-src=\"https:\/\/zaytel.si\/sl\/wp-content\/uploads\/2025\/11\/Terms-conditions-icon.svg\" data-attachment-id=\"846\"  alt=\"\" title=\"Terms-conditions-icon\" \/><\/div><\/div><figcaption hidden=\"\"><\/figcaption><\/figure><\/div><\/div><div class=\"vce-text-block card-txt\"><div class=\"vce-text-block-wrapper vce\" id=\"el-f9097e76\" data-vce-do-apply=\"all el-f9097e76\"><h4><a href=\"\/sl\/terms-conditions\">Pogoji in dolo\u010dila<\/a><\/h4><p><a href=\"\/sl\/terms-conditions\">Uporabniki storitev ZAYTEL morajo upo\u0161tevati telekomunikacijske predpise, zakone o varstvu podatkov in druge regulativne zahteve.<\/a><\/p><\/div><\/div><\/div><\/div><\/div><div class=\"vce-col vce-col--xs-100p vce-col--xs-visible vce-col--xs-last vce-col--xs-first vce-col--sm-50p vce-col--sm-visible vce-col--sm-last vce-col--sm-first vce-col--md-50p vce-col--md-visible vce-col--md-last vce-col--md-first vce-col--lg-33-33p vce-col--lg-visible vce-col--lg-last vce-col--xl-33-33p vce-col--xl-visible vce-col--xl-last legal-card card1\" id=\"el-93d90a42\"><div class=\"vce-col-inner\" data-vce-do-apply=\"border margin background  el-93d90a42\"><div class=\"vce-col-content\" data-vce-element-content=\"true\" data-vce-do-apply=\"padding el-93d90a42\"><div class=\"vce-single-image-container strength-icon vce-single-image--align-left\"><div class=\"vce vce-single-image-wrapper\" id=\"el-871916c3\" data-vce-do-apply=\"all el-871916c3\"><figure><div class=\"vce-single-image-figure-inner\" style=\"width: 40px;\"><div class=\"vce-single-image-inner vce-single-image--absolute\" style=\"width: 100%; padding-bottom: 100%;\"><img loading=\"lazy\" decoding=\"async\" class=\"vce-single-image\"  width=\"40\" height=\"40\" src=\"https:\/\/zaytel.si\/sl\/wp-content\/uploads\/2025\/11\/cookie-policy.svg\" data-img-src=\"https:\/\/zaytel.si\/sl\/wp-content\/uploads\/2025\/11\/cookie-policy.svg\" data-attachment-id=\"847\"  alt=\"\" title=\"cookie-policy\" \/><\/div><\/div><figcaption hidden=\"\"><\/figcaption><\/figure><\/div><\/div><div class=\"vce-text-block card-txt\"><div class=\"vce-text-block-wrapper vce\" id=\"el-b0b04ea1\" data-vce-do-apply=\"all el-b0b04ea1\"><h4><a href=\"\/sl\/cookie-policy\">Politika pi\u0161kotkov<\/a><\/h4>\n<p><a href=\"\/sl\/cookie-policy\">Uporabljamo pi\u0161kotke za izbolj\u0161anje uporabni\u0161ke izku\u0161nje in analitiko. Nastavitve pi\u0161kotkov lahko upravljate v svojem brskalniku.<\/a><\/p>\n<\/div><\/div><\/div><\/div><\/div><\/div><\/div><\/div><\/div><\/div><\/div><\/div><\/div><\/div><div class=\"vce-row-container\"><div class=\"vce-row vce-row--col-gap-30 side-space tb-space primary-section-color pt-0 legal-ctnt-section vce-row-equal-height vce-row-content--top\" data-vce-full-width=\"true\" data-vce-stretch-content=\"true\" id=\"el-ee963a45\" data-vce-do-apply=\"all el-ee963a45\"><div class=\"vce-row-content\" data-vce-element-content=\"true\"><div class=\"vce-col vce-col--md-auto vce-col--xs-1 vce-col--xs-last vce-col--xs-first vce-col--sm-last vce-col--sm-first vce-col--md-last vce-col--lg-last vce-col--xl-last vce-col--md-first vce-col--lg-first vce-col--xl-first legal-ctnt-txt\" id=\"el-b202ba82\"><div class=\"vce-col-inner\" data-vce-do-apply=\"border margin background  el-b202ba82\"><div class=\"vce-col-content\" data-vce-element-content=\"true\" data-vce-do-apply=\"padding el-b202ba82\"><div class=\"vce-raw-html\"><div class=\"vce-raw-html-wrapper\" id=\"el-f42a35e3\" data-vce-do-apply=\"all el-f42a35e3\"><h1>Politika pi\u0161kotkov<\/h1><\/div><\/div><div class=\"vce-text-block\"><div class=\"vce-text-block-wrapper vce\" id=\"el-d178f8a4\" data-vce-do-apply=\"all el-d178f8a4\"><p>ZADNJA POSODOBITEV: [29-12-25]<\/p><p>Ta politika pi\u0161kotkov pojasnjuje, kako ZAYTEL uporablja pi\u0161kotke in podobne tehnologije na svoji spletni strani.<\/p><h3>1. Kaj so pi\u0161kotki?<\/h3><p>Pi\u0161kotki so majhne besedilne datoteke, shranjene na va\u0161i napravi, ki izbolj\u0161ujejo uporabni\u0161ko izku\u0161njo, analizirajo uspe\u0161nost spletne strani in personalizirajo vsebine.<\/p><h3>2. Vrste pi\u0161kotkov, ki jih uporabljamo<\/h3><h3>2.1 Osnovni pi\u0161kotki<\/h3><p>Potrebni za delovanje spletne strani, kot so navigacija in varnost. Ti pi\u0161kotki jih ni mogo\u010de onemogo\u010diti.<\/p><h3>2.2 Pi\u0161kotki za uspe\u0161nost<\/h3><p><span style=\"font-weight: 400;\">Pomagajo nam razumeti, kako obiskovalci uporabljajo spletno stran, preko anonimne analitike..<\/span><\/p><h3>2.3 Funkcionalni pi\u0161kotki<\/h3><p>Omogo\u010dajo funkcije, kot so zapomnjene nastavitve ali izbolj\u0161ana uporabnost.<\/p><h3>2.4 Marketin\u0161ki pi\u0161kotki<\/h3><p>Ob\u010dasno se uporabljajo za prikaz relevantnega ogla\u0161evanja ali sledenje anga\u017eiranosti na razli\u010dnih platformah.<\/p><h3>3. Kako uporabljamo pi\u0161kotke<\/h3><p>Pi\u0161kotke uporabljamo za:<\/p><ul><li style=\"font-weight: 400;\" aria-level=\"1\"><span style=\"font-weight: 400;\">Izbolj\u0161anje delovanja spletne strani<\/span><\/li><li style=\"font-weight: 400;\" aria-level=\"1\"><span style=\"font-weight: 400;\">Analizo vedenja uporabnikov<\/span><\/li><li style=\"font-weight: 400;\" aria-level=\"1\"><span style=\"font-weight: 400;\">Zagotavljanje bolj gladke izku\u0161nje brskanja<\/span><\/li><li style=\"font-weight: 400;\" aria-level=\"1\"><span style=\"font-weight: 400;\">Krepitev varnosti in prepre\u010devanje zlorab<\/span><\/li><\/ul><h3>4. Upravljanje pi\u0161kotkov<\/h3><p>Pi\u0161kotke lahko nadzorujete ali izbri\u0161ete preko nastavitev va\u0161ega brskalnika. Onemogo\u010danje nekaterih pi\u0161kotkov lahko vpliva na funkcionalnost spletne strani.<\/p><h3>5. Pi\u0161kotki tretjih oseb<\/h3><p>Nekateri pi\u0161kotki so lahko name\u0161\u010deni s strani tretjih orodij, kot so analiti\u010dne storitve ali ponudniki vgrajenih vsebin.<\/p><h3>6. Posodobitve te politike<\/h3><p>Politiko pi\u0161kotkov lahko ob\u010dasno posodobimo. Morebitne spremembe bodo objavljene na tej strani.<\/p><h3>7. Kontakt<\/h3><p><span style=\"font-weight: 400;\">Za vsa vpra\u0161anja v zvezi s pi\u0161kotki nas kontaktirajte na:<\/span><span style=\"font-weight: 400;\"><br><\/span> <a href=\"mailto:info@zaytel.si\"><b>info@zaytel.si<\/b><\/a><\/p><h4>&nbsp;<\/h4><\/div><\/div><\/div><\/div><\/div><\/div><\/div><\/div>\n","protected":false},"excerpt":{"rendered":"<p>Politika zasebnostiOsebne podatke zbiramo le po potrebi in jih nikoli ne delimo brez va\u0161ega informiranega soglasja.Pogoji in dolo\u010dilaUporabniki storitev ZAYTEL morajo upo\u0161tevati telekomunikacijske predpise, zakone o varstvu podatkov in druge regulativne zahteve.Politika pi\u0161kotkov Uporabljamo pi\u0161kotke za izbolj\u0161anje uporabni\u0161ke izku\u0161nje in analitiko. Nastavitve pi\u0161kotkov lahko upravljate v svojem brskalniku. Politika pi\u0161kotkovZADNJA POSODOBITEV: [29-12-25]Ta politika pi\u0161kotkov pojasnjuje, &hellip; <\/p>\n<p class=\"link-more\"><a href=\"https:\/\/zaytel.si\/sl\/cookie-policy\/\" class=\"more-link\">Preberi ve\u010d<span class=\"screen-reader-text\"> &#8220;Cookie Policy&#8221;<\/span><\/a><\/p>\n","protected":false},"author":2,"featured_media":0,"parent":0,"menu_order":0,"comment_status":"closed","ping_status":"open","template":"","meta":{"inline_featured_image":false,"footnotes":""},"class_list":["post-877","page","type-page","status-publish","hentry"],"_links":{"self":[{"href":"https:\/\/zaytel.si\/sl\/wp-json\/wp\/v2\/pages\/877","targetHints":{"allow":["GET"]}}],"collection":[{"href":"https:\/\/zaytel.si\/sl\/wp-json\/wp\/v2\/pages"}],"about":[{"href":"https:\/\/zaytel.si\/sl\/wp-json\/wp\/v2\/types\/page"}],"author":[{"embeddable":true,"href":"https:\/\/zaytel.si\/sl\/wp-json\/wp\/v2\/users\/2"}],"replies":[{"embeddable":true,"href":"https:\/\/zaytel.si\/sl\/wp-json\/wp\/v2\/comments?post=877"}],"version-history":[{"count":2,"href":"https:\/\/zaytel.si\/sl\/wp-json\/wp\/v2\/pages\/877\/revisions"}],"predecessor-version":[{"id":1628,"href":"https:\/\/zaytel.si\/sl\/wp-json\/wp\/v2\/pages\/877\/revisions\/1628"}],"wp:attachment":[{"href":"https:\/\/zaytel.si\/sl\/wp-json\/wp\/v2\/media?parent=877"}],"curies":[{"name":"wp","href":"https:\/\/api.w.org\/{rel}","templated":true}]}}