{"id":806,"date":"2025-11-27T09:24:08","date_gmt":"2025-11-27T09:24:08","guid":{"rendered":"https:\/\/zaytel.si\/sl\/?page_id=806"},"modified":"2025-12-29T04:58:45","modified_gmt":"2025-12-29T04:58:45","slug":"industry-solution","status":"publish","type":"page","link":"https:\/\/zaytel.si\/sl\/industry-solution\/","title":{"rendered":"Industry Solution"},"content":{"rendered":"<div class=\"vce-row-container\"><div class=\"vce-row vce-row--col-gap-0 solution-banner side-space banner-height section-height vce-row-equal-height vce-row-content--middle\" data-vce-full-width=\"true\" data-vce-stretch-content=\"true\" id=\"el-b949fd6a\" data-vce-do-apply=\"all el-b949fd6a\"><div class=\"vce-content-background-container\"><\/div><div class=\"vce-row-content\" data-vce-element-content=\"true\"><div class=\"vce-col vce-col--xs-100p vce-col--xs-visible vce-col--xs-last vce-col--xs-first vce-col--sm-100p vce-col--sm-visible vce-col--sm-last vce-col--sm-first vce-col--md-16p vce-col--md-visible vce-col--md-first vce-col--lg-20p vce-col--lg-visible vce-col--lg-first vce-col--xl-20p vce-col--xl-visible vce-col--xl-first about-col-1\" id=\"el-bebcd853\"><div class=\"vce-col-inner\" data-vce-do-apply=\"border margin background  el-bebcd853\"><div class=\"vce-content-background-container\"><\/div><div class=\"vce-col-content\" data-vce-element-content=\"true\" data-vce-do-apply=\"padding el-bebcd853\"><div class=\"vcv-row-control-wrapper\"><\/div><\/div><\/div><\/div><div class=\"vce-col vce-col--xs-100p vce-col--xs-visible vce-col--xs-last vce-col--xs-first vce-col--sm-100p vce-col--sm-visible vce-col--sm-last vce-col--sm-first vce-col--md-68p vce-col--md-visible vce-col--lg-60p vce-col--lg-visible vce-col--xl-60p vce-col--xl-visible solution-heading\" id=\"el-94ac7c01\"><div class=\"vce-col-inner\" data-vce-do-apply=\"border margin background  el-94ac7c01\"><div class=\"vce-col-content\" data-vce-element-content=\"true\" data-vce-do-apply=\"padding el-94ac7c01\"><div class=\"vce-text-block heading\"><div class=\"vce-text-block-wrapper vce\" id=\"el-895dfc0c\" data-vce-do-apply=\"all el-895dfc0c\"><h2 style=\"text-align: center;\">Re\u0161itve po panogah<\/h2>\n<p style=\"text-align: center;\">ZAYTEL ponuja prilagojene komunikacijske re\u0161itve, zasnovane za edinstvene potrebe vsakega sektorja. Od varnega finan\u010dnega sporo\u010danja do globalne povezljivosti za potovanja, logistiko in maloprodajo\u2014na\u0161a tehnologija podjetjem omogo\u010da pametnej\u0161e delovanje, hitrej\u0161e povezovanje in raz\u0161iritev z zaupanjem.<\/p><\/div><\/div><div class=\"vce-button-group-container banner-btn-grup\" id=\"el-fbd0d35f\" data-vce-do-apply=\"all el-fbd0d35f\"><div class=\"vce-button-group vce-button-group--gap-20 vce-button-group-alignment--center vce-button-group-vertical-alignment--middle\"><div class=\"vce-button--style-basic-container red-btn-arrow vce-button--style-basic-container--align-center\"><span class=\"vce-button--style-basic-wrapper vce\" id=\"el-e12c5a0a\" data-vce-do-apply=\"margin el-e12c5a0a\"><a class=\"vce-button vce-button--style-basic vce-button--style-basic--border-square vce-button--style-basic--size-medium vce-button--style-basic--color-557cbf--fff\" href=\"https:\/\/zaytel.si\/sl\/contact-us\/\" title=\"\" rel=\"nofollow\" data-vce-do-apply=\"padding border background  el-e12c5a0a\">Pove\u017eite se z nami zdaj<\/a><\/span><\/div><div class=\"vce-button--style-basic-container white-btn-arrow vce-button--style-basic-container--align-center\"><span class=\"vce-button--style-basic-wrapper vce\" id=\"el-33f9e6e0\" data-vce-do-apply=\"margin el-33f9e6e0\"><a class=\"vce-button vce-button--style-basic vce-button--style-basic--border-square vce-button--style-basic--size-medium vce-button--style-basic--color-557cbf--fff\" href=\"https:\/\/zaytel.si\/sl\/industry-solution\/#solution-list\" title=\"\" rel=\"nofollow\" data-vce-do-apply=\"padding border background  el-33f9e6e0\">Razi\u0161\u010dite na\u0161e re\u0161itve<\/a><\/span><\/div><\/div><\/div><\/div><\/div><\/div><div class=\"vce-col vce-col--xs-100p vce-col--xs-visible vce-col--xs-last vce-col--xs-first vce-col--sm-100p vce-col--sm-visible vce-col--sm-last vce-col--sm-first vce-col--md-16p vce-col--md-visible vce-col--md-last vce-col--lg-20p vce-col--lg-visible vce-col--lg-last vce-col--xl-20p vce-col--xl-visible vce-col--xl-last about-col-3\" id=\"el-1be9e68d\"><div class=\"vce-col-inner\" data-vce-do-apply=\"border margin background  el-1be9e68d\"><div class=\"vce-content-background-container\"><\/div><div class=\"vce-col-content\" data-vce-element-content=\"true\" data-vce-do-apply=\"padding el-1be9e68d\"><div class=\"vcv-row-control-wrapper\"><\/div><\/div><\/div><\/div><\/div><\/div><\/div><div class=\"vce-row-container\" id=\"solution-list\"><div class=\"vce-row vce-row--col-gap-30 side-space tb-space vce-row-equal-height vce-row-content--top\" data-vce-full-width=\"true\" data-vce-stretch-content=\"true\" id=\"el-dfbb1bf1\" data-vce-do-apply=\"all el-dfbb1bf1\"><div class=\"vce-row-content\" data-vce-element-content=\"true\"><div class=\"vce-col vce-col--xs-100p vce-col--xs-visible vce-col--xs-last vce-col--xs-first vce-col--sm-100p vce-col--sm-visible vce-col--sm-last vce-col--sm-first vce-col--md-auto vce-col--md-visible vce-col--md-last vce-col--md-first vce-col--lg-auto vce-col--lg-visible vce-col--lg-last vce-col--lg-first vce-col--xl-auto vce-col--xl-visible vce-col--xl-last vce-col--xl-first\" id=\"el-e6dcafd6\"><div class=\"vce-col-inner\" data-vce-do-apply=\"border margin background  el-e6dcafd6\"><div class=\"vce-col-content\" data-vce-element-content=\"true\" data-vce-do-apply=\"padding el-e6dcafd6\"><div class=\"vce-text-block\"><div class=\"vce-text-block-wrapper vce\" id=\"el-2c1201ad\" data-vce-do-apply=\"all el-2c1201ad\"><h3 style=\"text-align: center;\">Re\u0161itve, ki vas ohranjajo povezane<\/h3>\n<\/div><\/div><div class=\"vce-row-container\" data-vce-boxed-width=\"true\"><div class=\"vce-row vce-row--col-gap-20 services-listing-inner-row vce-row-equal-height vce-row-content--top\" id=\"el-373f111a\" data-vce-do-apply=\"all el-373f111a\"><div class=\"vce-row-content\" data-vce-element-content=\"true\"><div class=\"vce-col vce-col--xs-100p vce-col--xs-visible vce-col--xs-last vce-col--xs-first vce-col--sm-50p vce-col--sm-visible vce-col--sm-first vce-col--md-33-33p vce-col--md-visible vce-col--md-first vce-col--lg-25p vce-col--lg-visible vce-col--lg-first vce-col--xl-25p vce-col--xl-visible vce-col--xl-first services-listing-cards-outer-col\" id=\"el-f2a43120\"><div class=\"vce-col-inner\" data-vce-do-apply=\"border margin background  el-f2a43120\"><div class=\"vce-col-content\" data-vce-element-content=\"true\" data-vce-do-apply=\"padding el-f2a43120\"><div class=\"vce-row-container\" data-vce-boxed-width=\"true\"><div class=\"vce-row vce-row--col-gap-30 services-listings-card vce-row-equal-height vce-row-content--top\" id=\"el-8530456e\" data-vce-do-apply=\"all el-8530456e\"><div class=\"vce-row-content\" data-vce-element-content=\"true\"><div class=\"vce-col vce-col--md-auto vce-col--xs-1 vce-col--xs-last vce-col--xs-first vce-col--sm-last vce-col--sm-first vce-col--md-last vce-col--lg-last vce-col--xl-last vce-col--md-first vce-col--lg-first vce-col--xl-first\" id=\"el-c6137b0c\"><div class=\"vce-col-inner\" data-vce-do-apply=\"border margin background  el-c6137b0c\"><div class=\"vce-col-content\" data-vce-element-content=\"true\" data-vce-do-apply=\"padding el-c6137b0c\"><div class=\"vce-single-image-container services-listings-card-img vce-single-image--align-left\"><div class=\"vce vce-single-image-wrapper\" id=\"el-e788279a\" data-vce-do-apply=\"all el-e788279a\"><figure><div class=\"vce-single-image-figure-inner\" style=\"width: 293px;\"><div class=\"vce-single-image-inner vce-single-image--absolute\" style=\"width: 100%; padding-bottom: 77.1331%;\"><img loading=\"lazy\" decoding=\"async\" class=\"vce-single-image\"  width=\"293\" height=\"226\" srcset=\"https:\/\/zaytel.si\/sl\/wp-content\/uploads\/2025\/12\/VOIP-Solution-293x226.webp 293w\" src=\"https:\/\/zaytel.si\/sl\/wp-content\/uploads\/2025\/12\/VOIP-Solution-293x226.webp\" data-img-src=\"https:\/\/zaytel.si\/sl\/wp-content\/uploads\/2025\/11\/VOIP-Solution.webp\" data-attachment-id=\"99\"  alt=\"\" title=\"VOIP Solution\" \/><\/div><\/div><figcaption hidden=\"\"><\/figcaption><\/figure><\/div><\/div><div class=\"vce-text-block\"><div class=\"vce-text-block-wrapper vce\" id=\"el-f6f54816\" data-vce-do-apply=\"all el-f6f54816\"><h4>Ban\u010dni\u0161tvo in finance.<\/h4>\n<p>Banke in finan\u010dne institucije delujejo pod strogimi regulativnimi, varnostnimi in zakasnitvenimi zahtevami.<\/p>\n<\/div><\/div><div class=\"vce-button--style-basic-container Learn-more-btn vce-button--style-basic-container--align-left\"><span class=\"vce-button--style-basic-wrapper vce\" id=\"el-e3c55d3f\" data-vce-do-apply=\"margin el-e3c55d3f\"><a class=\"vce-button vce-button--style-basic vce-button--style-basic--border-square vce-button--style-basic--size-small vce-button--style-basic--color-ba-0-0-0-0--b-233-26-47\" href=\"https:\/\/zaytel.si\/sl\/banking-and-finance\/\" title=\"\" rel=\"nofollow\" data-vce-do-apply=\"padding border background  el-e3c55d3f\">Izvedite ve\u010d<\/a><\/span><\/div><\/div><\/div><\/div><\/div><\/div><\/div><\/div><\/div><\/div><div class=\"vce-col vce-col--xs-100p vce-col--xs-visible vce-col--xs-last vce-col--xs-first vce-col--sm-50p vce-col--sm-visible vce-col--sm-last vce-col--md-33-33p vce-col--md-visible vce-col--lg-25p vce-col--lg-visible vce-col--xl-25p vce-col--xl-visible services-listing-cards-outer-col\" id=\"el-2c4bcbe9\"><div class=\"vce-col-inner\" data-vce-do-apply=\"border margin background  el-2c4bcbe9\"><div class=\"vce-col-content\" data-vce-element-content=\"true\" data-vce-do-apply=\"padding el-2c4bcbe9\"><div class=\"vce-row-container\" data-vce-boxed-width=\"true\"><div class=\"vce-row vce-row--col-gap-30 services-listings-card vce-row-equal-height vce-row-content--top\" id=\"el-0bba8602\" data-vce-do-apply=\"all el-0bba8602\"><div class=\"vce-row-content\" data-vce-element-content=\"true\"><div class=\"vce-col vce-col--md-auto vce-col--xs-1 vce-col--xs-last vce-col--xs-first vce-col--sm-last vce-col--sm-first vce-col--md-last vce-col--lg-last vce-col--xl-last vce-col--md-first vce-col--lg-first vce-col--xl-first\" id=\"el-0534175d\"><div class=\"vce-col-inner\" data-vce-do-apply=\"border margin background  el-0534175d\"><div class=\"vce-col-content\" data-vce-element-content=\"true\" data-vce-do-apply=\"padding el-0534175d\"><div class=\"vce-single-image-container services-listings-card-img vce-single-image--align-left\"><div class=\"vce vce-single-image-wrapper\" id=\"el-780339e8\" data-vce-do-apply=\"all el-780339e8\"><figure><div class=\"vce-single-image-figure-inner\" style=\"width: 293px;\"><div class=\"vce-single-image-inner vce-single-image--absolute\" style=\"width: 100%; padding-bottom: 77.1331%;\"><img loading=\"lazy\" decoding=\"async\" class=\"vce-single-image\"  width=\"293\" height=\"226\" srcset=\"https:\/\/zaytel.si\/sl\/wp-content\/uploads\/2025\/12\/SMS-Messaging-Solutions-293x226.webp 293w\" src=\"https:\/\/zaytel.si\/sl\/wp-content\/uploads\/2025\/12\/SMS-Messaging-Solutions-293x226.webp\" data-img-src=\"https:\/\/zaytel.si\/sl\/wp-content\/uploads\/2025\/11\/SMS-Messaging-Solutions.webp\" data-attachment-id=\"98\"  alt=\"\" title=\"SMS &amp; Messaging Solutions\" \/><\/div><\/div><figcaption hidden=\"\"><\/figcaption><\/figure><\/div><\/div><div class=\"vce-text-block\"><div class=\"vce-text-block-wrapper vce\" id=\"el-c0e75007\" data-vce-do-apply=\"all el-c0e75007\"><h4><span lang=\"EN-GB\">Potovanja in gostinstvo<\/span><\/h4>\n<p>Operaterji potovanj in hotelske verige potrebujejo povezljivost v realnem \u010dasu, globalno pokritost, orodja za anga\u017eiranje strank in personalizacijo po razli\u010dnih regijah.<\/p><\/div><\/div><div class=\"vce-button--style-basic-container Learn-more-btn vce-button--style-basic-container--align-left\"><span class=\"vce-button--style-basic-wrapper vce\" id=\"el-7c9f91d6\" data-vce-do-apply=\"margin el-7c9f91d6\"><a class=\"vce-button vce-button--style-basic vce-button--style-basic--border-square vce-button--style-basic--size-small vce-button--style-basic--color-ba-0-0-0-0--b-233-26-47\" href=\"https:\/\/zaytel.si\/sl\/travel-and-hospitality\/\" title=\"\" rel=\"nofollow\" data-vce-do-apply=\"padding border background  el-7c9f91d6\">Izvedite ve\u010d<\/a><\/span><\/div><\/div><\/div><\/div><\/div><\/div><\/div><\/div><\/div><\/div><div class=\"vce-col vce-col--xs-100p vce-col--xs-visible vce-col--xs-last vce-col--xs-first vce-col--sm-50p vce-col--sm-visible vce-col--sm-first vce-col--md-33-33p vce-col--md-visible vce-col--md-last vce-col--lg-25p vce-col--lg-visible vce-col--xl-25p vce-col--xl-visible services-listing-cards-outer-col\" id=\"el-338994b4\"><div class=\"vce-col-inner\" data-vce-do-apply=\"border margin background  el-338994b4\"><div class=\"vce-col-content\" data-vce-element-content=\"true\" data-vce-do-apply=\"padding el-338994b4\"><div class=\"vce-row-container\" data-vce-boxed-width=\"true\"><div class=\"vce-row vce-row--col-gap-30 services-listings-card vce-row-equal-height vce-row-content--top\" id=\"el-fa1d2002\" data-vce-do-apply=\"all el-fa1d2002\"><div class=\"vce-row-content\" data-vce-element-content=\"true\"><div class=\"vce-col vce-col--md-auto vce-col--xs-1 vce-col--xs-last vce-col--xs-first vce-col--sm-last vce-col--sm-first vce-col--md-last vce-col--lg-last vce-col--xl-last vce-col--md-first vce-col--lg-first vce-col--xl-first\" id=\"el-37f13fb4\"><div class=\"vce-col-inner\" data-vce-do-apply=\"border margin background  el-37f13fb4\"><div class=\"vce-col-content\" data-vce-element-content=\"true\" data-vce-do-apply=\"padding el-37f13fb4\"><div class=\"vce-single-image-container services-listings-card-img vce-single-image--align-left\"><div class=\"vce vce-single-image-wrapper\" id=\"el-871e0152\" data-vce-do-apply=\"all el-871e0152\"><figure><div class=\"vce-single-image-figure-inner\" style=\"width: 293px;\"><div class=\"vce-single-image-inner vce-single-image--absolute\" style=\"width: 100%; padding-bottom: 77.1331%;\"><img loading=\"lazy\" decoding=\"async\" class=\"vce-single-image\"  width=\"293\" height=\"226\" srcset=\"https:\/\/zaytel.si\/sl\/wp-content\/uploads\/2025\/12\/Data-Roaming-293x226.webp 293w\" src=\"https:\/\/zaytel.si\/sl\/wp-content\/uploads\/2025\/12\/Data-Roaming-293x226.webp\" data-img-src=\"https:\/\/zaytel.si\/sl\/wp-content\/uploads\/2025\/11\/Data-Roaming.webp\" data-attachment-id=\"97\"  alt=\"\" title=\"Data Roaming\" \/><\/div><\/div><figcaption hidden=\"\"><\/figcaption><\/figure><\/div><\/div><div class=\"vce-text-block\"><div class=\"vce-text-block-wrapper vce\" id=\"el-431a49c4\" data-vce-do-apply=\"all el-431a49c4\"><h4>Logistika, prevoz in dobavna veriga<\/h4>\n<p>Logistika in prevoz zahtevata sledenje v realnem \u010dasu, zanesljivost \u010dez meje, povezljivost za vozila, dronove, senzorje ter mo\u017enost preusmeritve prek omre\u017eij.<\/p><\/div><\/div><div class=\"vce-button--style-basic-container Learn-more-btn vce-button--style-basic-container--align-left\"><span class=\"vce-button--style-basic-wrapper vce\" id=\"el-a2633ded\" data-vce-do-apply=\"margin el-a2633ded\"><a class=\"vce-button vce-button--style-basic vce-button--style-basic--border-square vce-button--style-basic--size-small vce-button--style-basic--color-ba-0-0-0-0--b-233-26-47\" href=\"https:\/\/zaytel.si\/sl\/logistics-transportation-and-supply-chain\/\" title=\"\" rel=\"nofollow\" data-vce-do-apply=\"padding border background  el-a2633ded\">Izvedite ve\u010d<\/a><\/span><\/div><\/div><\/div><\/div><\/div><\/div><\/div><\/div><\/div><\/div><div class=\"vce-col vce-col--xs-100p vce-col--xs-visible vce-col--xs-last vce-col--xs-first vce-col--sm-50p vce-col--sm-visible vce-col--sm-last vce-col--md-33-33p vce-col--md-visible vce-col--md-last vce-col--md-first vce-col--lg-25p vce-col--lg-visible vce-col--lg-last vce-col--xl-25p vce-col--xl-visible vce-col--xl-last services-listing-cards-outer-col\" id=\"el-21e2a632\"><div class=\"vce-col-inner\" data-vce-do-apply=\"border margin background  el-21e2a632\"><div class=\"vce-col-content\" data-vce-element-content=\"true\" data-vce-do-apply=\"padding el-21e2a632\"><div class=\"vce-row-container\" data-vce-boxed-width=\"true\"><div class=\"vce-row vce-row--col-gap-30 services-listings-card vce-row-equal-height vce-row-content--top\" id=\"el-004f4012\" data-vce-do-apply=\"all el-004f4012\"><div class=\"vce-row-content\" data-vce-element-content=\"true\"><div class=\"vce-col vce-col--md-auto vce-col--xs-1 vce-col--xs-last vce-col--xs-first vce-col--sm-last vce-col--sm-first vce-col--md-last vce-col--lg-last vce-col--xl-last vce-col--md-first vce-col--lg-first vce-col--xl-first\" id=\"el-bc29d057\"><div class=\"vce-col-inner\" data-vce-do-apply=\"border margin background  el-bc29d057\"><div class=\"vce-col-content\" data-vce-element-content=\"true\" data-vce-do-apply=\"padding el-bc29d057\"><div class=\"vce-single-image-container services-listings-card-img vce-single-image--align-left\"><div class=\"vce vce-single-image-wrapper\" id=\"el-703f6789\" data-vce-do-apply=\"all el-703f6789\"><figure><div class=\"vce-single-image-figure-inner\" style=\"width: 293px;\"><div class=\"vce-single-image-inner vce-single-image--absolute\" style=\"width: 100%; padding-bottom: 77.1331%;\"><img loading=\"lazy\" decoding=\"async\" class=\"vce-single-image\"  width=\"293\" height=\"226\" srcset=\"https:\/\/zaytel.si\/sl\/wp-content\/uploads\/2025\/12\/e-SIM-Cards-293x226.webp 293w\" src=\"https:\/\/zaytel.si\/sl\/wp-content\/uploads\/2025\/12\/e-SIM-Cards-293x226.webp\" data-img-src=\"https:\/\/zaytel.si\/sl\/wp-content\/uploads\/2025\/11\/e-SIM-Cards.webp\" data-attachment-id=\"96\"  alt=\"\" title=\"e SIM Cards\" \/><\/div><\/div><figcaption hidden=\"\"><\/figcaption><\/figure><\/div><\/div><div class=\"vce-text-block\"><div class=\"vce-text-block-wrapper vce\" id=\"el-e3d1b312\" data-vce-do-apply=\"all el-e3d1b312\"><h4><span lang=\"EN-GB\">Trgovina na drobno in trgovina<\/span><\/h4>\n<p>Trgovci morajo anga\u017eirati stranke v trgovinah, na spletu in prek mobilnih naprav \u2014 dostavljati obvestila, promocije, programe zvestobe in podporo strankam.<\/p>\n<\/div><\/div><div class=\"vce-button--style-basic-container Learn-more-btn vce-button--style-basic-container--align-left\"><span class=\"vce-button--style-basic-wrapper vce\" id=\"el-2df64d33\" data-vce-do-apply=\"margin el-2df64d33\"><a class=\"vce-button vce-button--style-basic vce-button--style-basic--border-square vce-button--style-basic--size-small vce-button--style-basic--color-ba-0-0-0-0--b-233-26-47\" href=\"https:\/\/zaytel.si\/sl\/retail-and-commerce\/\" title=\"\" rel=\"nofollow\" data-vce-do-apply=\"padding border background  el-2df64d33\">Izvedite ve\u010d<\/a><\/span><\/div><\/div><\/div><\/div><\/div><\/div><\/div><\/div><\/div><\/div><\/div><\/div><\/div><\/div><\/div><\/div><\/div><\/div><\/div>","protected":false},"excerpt":{"rendered":"<p>Re\u0161itve po panogah ZAYTEL ponuja prilagojene komunikacijske re\u0161itve, zasnovane za edinstvene potrebe vsakega sektorja. Od varnega finan\u010dnega sporo\u010danja do globalne povezljivosti za potovanja, logistiko in maloprodajo\u2014na\u0161a tehnologija podjetjem omogo\u010da pametnej\u0161e delovanje, hitrej\u0161e povezovanje in raz\u0161iritev z zaupanjem.Pove\u017eite se z nami zdajRazi\u0161\u010dite na\u0161e re\u0161itveRe\u0161itve, ki vas ohranjajo povezane Ban\u010dni\u0161tvo in finance. Banke in finan\u010dne institucije delujejo &hellip; <\/p>\n<p class=\"link-more\"><a href=\"https:\/\/zaytel.si\/sl\/industry-solution\/\" class=\"more-link\">Preberi ve\u010d<span class=\"screen-reader-text\"> &#8220;Industry Solution&#8221;<\/span><\/a><\/p>\n","protected":false},"author":2,"featured_media":0,"parent":0,"menu_order":0,"comment_status":"closed","ping_status":"closed","template":"","meta":{"inline_featured_image":false,"footnotes":""},"class_list":["post-806","page","type-page","status-publish","hentry"],"_links":{"self":[{"href":"https:\/\/zaytel.si\/sl\/wp-json\/wp\/v2\/pages\/806","targetHints":{"allow":["GET"]}}],"collection":[{"href":"https:\/\/zaytel.si\/sl\/wp-json\/wp\/v2\/pages"}],"about":[{"href":"https:\/\/zaytel.si\/sl\/wp-json\/wp\/v2\/types\/page"}],"author":[{"embeddable":true,"href":"https:\/\/zaytel.si\/sl\/wp-json\/wp\/v2\/users\/2"}],"replies":[{"embeddable":true,"href":"https:\/\/zaytel.si\/sl\/wp-json\/wp\/v2\/comments?post=806"}],"version-history":[{"count":5,"href":"https:\/\/zaytel.si\/sl\/wp-json\/wp\/v2\/pages\/806\/revisions"}],"predecessor-version":[{"id":1602,"href":"https:\/\/zaytel.si\/sl\/wp-json\/wp\/v2\/pages\/806\/revisions\/1602"}],"wp:attachment":[{"href":"https:\/\/zaytel.si\/sl\/wp-json\/wp\/v2\/media?parent=806"}],"curies":[{"name":"wp","href":"https:\/\/api.w.org\/{rel}","templated":true}]}}