{"id":675,"date":"2025-11-26T05:19:28","date_gmt":"2025-11-26T05:19:28","guid":{"rendered":"https:\/\/zaytel.si\/sl\/?page_id=675"},"modified":"2025-12-26T06:53:55","modified_gmt":"2025-12-26T06:53:55","slug":"blog","status":"publish","type":"page","link":"https:\/\/zaytel.si\/sl\/blog\/","title":{"rendered":"Blog"},"content":{"rendered":"<div class=\"vce-row-container\"><div class=\"vce-row vce-row--col-gap-0 blog-banner side-space banner-height vce-row-equal-height vce-row-content--middle\" data-vce-full-width=\"true\" data-vce-stretch-content=\"true\" id=\"el-016652aa\" data-vce-do-apply=\"all el-016652aa\"><div class=\"vce-content-background-container\"><\/div><div class=\"vce-row-content\" data-vce-element-content=\"true\"><div class=\"vce-col vce-col--md-20p vce-col--xs-1 vce-col--xs-last vce-col--xs-first vce-col--sm-last vce-col--sm-first vce-col--md-first vce-col--lg-first vce-col--xl-first about-col-1\" id=\"el-2b7bf04c\"><div class=\"vce-col-inner\" data-vce-do-apply=\"border margin background  el-2b7bf04c\"><div class=\"vce-content-background-container\"><\/div><div class=\"vce-col-content\" data-vce-element-content=\"true\" data-vce-do-apply=\"padding el-2b7bf04c\"><div class=\"vcv-row-control-wrapper\"><\/div><\/div><\/div><\/div><div class=\"vce-col vce-col--md-60p vce-col--xs-1 vce-col--xs-last vce-col--xs-first vce-col--sm-last vce-col--sm-first blog-heading\" id=\"el-848aebba\"><div class=\"vce-col-inner\" data-vce-do-apply=\"border margin background  el-848aebba\"><div class=\"vce-col-content\" data-vce-element-content=\"true\" data-vce-do-apply=\"padding el-848aebba\"><div class=\"vce-text-block heading\"><div class=\"vce-text-block-wrapper vce\" id=\"el-cf1bc175\" data-vce-do-apply=\"all el-cf1bc175\"><h2 style=\"text-align: center;\">Blog<\/h2>\n<p style=\"text-align: center;\"><span data-sheets-root=\"1\">Va\u0161 vir za telekomunikacijske vpoglede, novice podjetja in inovativno miselno voditeljstvo.<\/span><\/p><\/div><\/div><div class=\"vce-shortcode Search-form\"><div class=\"vce-shortcode-wrapper vce\" id=\"el-e0ad0415\" data-vce-do-apply=\"all el-e0ad0415\"><form  class=\"is-search-form is-form-style is-form-style-3 is-form-id-681 \" action=\"https:\/\/zaytel.si\/sl\/\" method=\"get\" role=\"search\" ><label for=\"is-search-input-681\"><span class=\"is-screen-reader-text\">Search for:<\/span><input  type=\"search\" id=\"is-search-input-681\" name=\"s\" value=\"\" class=\"is-search-input\" placeholder=\"Search\" autocomplete=off \/><\/label><button type=\"submit\" class=\"is-search-submit\"><span class=\"is-screen-reader-text\">Search Button<\/span><span class=\"is-search-icon\"><svg focusable=\"false\" aria-label=\"Search\" xmlns=\"http:\/\/www.w3.org\/2000\/svg\" viewBox=\"0 0 24 24\" width=\"24px\"><path d=\"M15.5 14h-.79l-.28-.27C15.41 12.59 16 11.11 16 9.5 16 5.91 13.09 3 9.5 3S3 5.91 3 9.5 5.91 16 9.5 16c1.61 0 3.09-.59 4.23-1.57l.27.28v.79l5 4.99L20.49 19l-4.99-5zm-6 0C7.01 14 5 11.99 5 9.5S7.01 5 9.5 5 14 7.01 14 9.5 11.99 14 9.5 14z\"><\/path><\/svg><\/span><\/button><input type=\"hidden\" name=\"id\" value=\"681\" \/><\/form><\/div><\/div><\/div><\/div><\/div><div class=\"vce-col vce-col--md-20p vce-col--xs-1 vce-col--xs-last vce-col--xs-first vce-col--sm-last vce-col--sm-first vce-col--md-last vce-col--lg-last vce-col--xl-last about-col-3\" id=\"el-08341060\"><div class=\"vce-col-inner\" data-vce-do-apply=\"border margin background  el-08341060\"><div class=\"vce-content-background-container\"><\/div><div class=\"vce-col-content\" data-vce-element-content=\"true\" data-vce-do-apply=\"padding el-08341060\"><div class=\"vcv-row-control-wrapper\"><\/div><\/div><\/div><\/div><\/div><\/div><\/div><div class=\"vce-row-container\"><div class=\"vce-row vce-row--col-gap-0 blog-main-row side-space vce-row-equal-height vce-row-content--middle\" data-vce-full-width=\"true\" data-vce-stretch-content=\"true\" id=\"el-edc65dab\" data-vce-do-apply=\"all el-edc65dab\"><div class=\"vce-row-content\" data-vce-element-content=\"true\"><div class=\"vce-col vce-col--md-100p vce-col--xs-1 vce-col--xs-last vce-col--xs-first vce-col--sm-last vce-col--sm-first vce-col--md-last vce-col--lg-last vce-col--xl-last vce-col--md-first vce-col--lg-first vce-col--xl-first\" id=\"el-4a10a157\"><div class=\"vce-col-inner\" data-vce-do-apply=\"border margin background  el-4a10a157\"><div class=\"vce-col-content\" data-vce-element-content=\"true\" data-vce-do-apply=\"padding el-4a10a157\"><div class=\"vce-text-block\"><div class=\"vce-text-block-wrapper vce\" id=\"el-d7f4f17d\" data-vce-do-apply=\"all el-d7f4f17d\"><h3>All Blog<\/h3><\/div><\/div><\/div><\/div><\/div><div class=\"vce-col vce-col--md-100p vce-col--xs-1 vce-col--xs-last vce-col--xs-first vce-col--sm-last vce-col--sm-first vce-col--md-last vce-col--lg-last vce-col--xl-last vce-col--md-first vce-col--lg-first vce-col--xl-first\" id=\"el-5620bb3f\"><div class=\"vce-col-inner\" data-vce-do-apply=\"border margin background  el-5620bb3f\"><div class=\"vce-col-content\" data-vce-element-content=\"true\" data-vce-do-apply=\"padding el-5620bb3f\"><div class=\"vce-posts-grid-container vce-post-list blog-post-list\"><div class=\"vce vce-posts-grid-wrapper vce-posts-grid--gap-25 vce-posts-grid--columns-3 vce-posts-grid-pagination--color-ba-0-0-0-0--b-255-255-255\" id=\"el-8b0a8e5a\" data-vce-do-apply=\"all el-8b0a8e5a\"><div class=\"vce-posts-grid-list\"><div class=\"vce-posts-grid-item\"><article class=\"vce-post-list-item vce-post-list-item--image-left\"><div class=\"vce-post-list-image\" style=\"background-image:url(https:\/\/zaytel.si\/sl\/wp-content\/uploads\/2025\/11\/blog-2.webp)\"><a href=\"https:\/\/zaytel.si\/sl\/kako-ai-in-analitika-preoblikujeta-telekomunikacijske-operacije-2\/\" aria-label=\"Kako AI in analitika preoblikujeta telekomunikacijske operacije\"><\/a><\/div><div class=\"vce-post-list-content\"><p class=\"vce-post-list-meta\"><time datetime=\"2025-12-27 06:39:26\">27 decembra, 2025<\/time> \u00b7 <a href=\"https:\/\/zaytel.si\/sl\/category\/blog\/\">Blog<a><\/p><h2 class=\"vce-post-list-title\"><a href=\"https:\/\/zaytel.si\/sl\/kako-ai-in-analitika-preoblikujeta-telekomunikacijske-operacije-2\/\">Kako AI in analitika preoblikujeta telekomunikacijske operacije<\/a><\/h2><div class=\"vce-post-description--excerpt\"><p>Razi\u0161\u010dite vlogo strojnega u\u010denja, napovednega modeliranja in nadzora v realnem \u010dasu pri optimizaciji usmerjanja, odkrivanju prevar in na\u010drtovanju kapacitet.<\/p>\n<\/div>\n<p class=\"vce-post-list-author\"><img alt='' src='\/\/zaytel.si\/sl\/wp-content\/cache\/speedycache\/zaytel.si\/gravatars\/2b24787fcbc78504c635fc1f169c377ex96.jpg' srcset='\/\/zaytel.si\/sl\/wp-content\/cache\/speedycache\/zaytel.si\/gravatars\/2b24787fcbc78504c635fc1f169c377ex192.jpg 2x' class='avatar avatar-96 photo' height='96' width='96' \/>Zaytel Dev Team<\/p><p class=\"vce-post-list-tags\"><\/p><\/div><\/article><\/div><div class=\"vce-posts-grid-item\"><article class=\"vce-post-list-item vce-post-list-item--image-left\"><div class=\"vce-post-list-image\" style=\"background-image:url(https:\/\/zaytel.si\/sl\/wp-content\/uploads\/2025\/11\/Blog-1.webp)\"><a href=\"https:\/\/zaytel.si\/sl\/esim-proti-klasicni-sim-zakaj-je-prihodnost-povezljivosti-digitalna\/\" aria-label=\"eSIM proti klasi\u010dni SIM: zakaj je prihodnost povezljivosti digitalna\"><\/a><\/div><div class=\"vce-post-list-content\"><p class=\"vce-post-list-meta\"><time datetime=\"2025-11-28 06:48:38\">28 novembra, 2025<\/time> \u00b7 <a href=\"https:\/\/zaytel.si\/sl\/category\/uncategorized\/\">Uncategorized<a><\/p><h2 class=\"vce-post-list-title\"><a href=\"https:\/\/zaytel.si\/sl\/esim-proti-klasicni-sim-zakaj-je-prihodnost-povezljivosti-digitalna\/\">eSIM proti klasi\u010dni SIM: zakaj je prihodnost povezljivosti digitalna<\/a><\/h2><div class=\"vce-post-description--excerpt\"><p>Primerjajte prednosti, primere uporabe in kako eSIM omogo\u010da nove poslovne modele v mobilnosti in IoT.<\/p>\n<\/div>\n<p class=\"vce-post-list-author\"><img alt='' src='\/\/zaytel.si\/sl\/wp-content\/cache\/speedycache\/zaytel.si\/gravatars\/2b24787fcbc78504c635fc1f169c377ex96.jpg' srcset='\/\/zaytel.si\/sl\/wp-content\/cache\/speedycache\/zaytel.si\/gravatars\/2b24787fcbc78504c635fc1f169c377ex192.jpg 2x' class='avatar avatar-96 photo' height='96' width='96' \/>Zaytel Dev Team<\/p><p class=\"vce-post-list-tags\"><\/p><\/div><\/article><\/div><div class=\"vce-posts-grid-item\"><article class=\"vce-post-list-item vce-post-list-item--image-left\"><div class=\"vce-post-list-image\" style=\"background-image:url(https:\/\/zaytel.si\/sl\/wp-content\/uploads\/2025\/11\/blog-3.webp)\"><a href=\"https:\/\/zaytel.si\/sl\/najboljse-prakse-za-varen-glas-in-sms-sifriranje-igw-in-preprecevanje-prevar\/\" aria-label=\"Najbolj\u0161e prakse za varen glas in SMS: \u0161ifriranje, IGW in prepre\u010devanje prevar\"><\/a><\/div><div class=\"vce-post-list-content\"><p class=\"vce-post-list-meta\"><time datetime=\"2025-11-27 07:06:21\">27 novembra, 2025<\/time> \u00b7 <a href=\"https:\/\/zaytel.si\/sl\/category\/category1\/\">Category1<a><\/p><h2 class=\"vce-post-list-title\"><a href=\"https:\/\/zaytel.si\/sl\/najboljse-prakse-za-varen-glas-in-sms-sifriranje-igw-in-preprecevanje-prevar\/\">Najbolj\u0161e prakse za varen glas in SMS: \u0161ifriranje, IGW in prepre\u010devanje prevar<\/a><\/h2><div class=\"vce-post-description--excerpt\"><p>Sprehodite se skozi industrijske standarde, klju\u010dne vektorje tveganj in kako lahko podjetja zgradijo odporne ter varne komunikacijske re\u0161itve.<\/p>\n<\/div>\n<p class=\"vce-post-list-author\"><img alt='' src='\/\/zaytel.si\/sl\/wp-content\/cache\/speedycache\/zaytel.si\/gravatars\/2b24787fcbc78504c635fc1f169c377ex96.jpg' srcset='\/\/zaytel.si\/sl\/wp-content\/cache\/speedycache\/zaytel.si\/gravatars\/2b24787fcbc78504c635fc1f169c377ex192.jpg 2x' class='avatar avatar-96 photo' height='96' width='96' \/>Zaytel Dev Team<\/p><p class=\"vce-post-list-tags\"><\/p><\/div><\/article><\/div><div class=\"vce-posts-grid-item\"><article class=\"vce-post-list-item vce-post-list-item--image-left\"><div class=\"vce-post-list-image\" style=\"background-image:url(https:\/\/zaytel.si\/sl\/wp-content\/uploads\/2025\/11\/blog-2.webp)\"><a href=\"https:\/\/zaytel.si\/sl\/kako-ai-in-analitika-preoblikujeta-telekomunikacijske-operacije-3\/\" aria-label=\"Kako AI in analitika preoblikujeta telekomunikacijske operacije\"><\/a><\/div><div class=\"vce-post-list-content\"><p class=\"vce-post-list-meta\"><time datetime=\"2025-11-27 07:04:08\">27 novembra, 2025<\/time> \u00b7 <a href=\"https:\/\/zaytel.si\/sl\/category\/uncategorized\/\">Uncategorized<a><\/p><h2 class=\"vce-post-list-title\"><a href=\"https:\/\/zaytel.si\/sl\/kako-ai-in-analitika-preoblikujeta-telekomunikacijske-operacije-3\/\">Kako AI in analitika preoblikujeta telekomunikacijske operacije<\/a><\/h2><div class=\"vce-post-description--excerpt\"><p>Razi\u0161\u010dite vlogo strojnega u\u010denja, napovednega modeliranja in nadzora v realnem \u010dasu pri optimizaciji usmerjanja, odkrivanju prevar in na\u010drtovanju kapacitet.<\/p>\n<\/div>\n<p class=\"vce-post-list-author\"><img alt='' src='\/\/zaytel.si\/sl\/wp-content\/cache\/speedycache\/zaytel.si\/gravatars\/2b24787fcbc78504c635fc1f169c377ex96.jpg' srcset='\/\/zaytel.si\/sl\/wp-content\/cache\/speedycache\/zaytel.si\/gravatars\/2b24787fcbc78504c635fc1f169c377ex192.jpg 2x' class='avatar avatar-96 photo' height='96' width='96' \/>Zaytel Dev Team<\/p><p class=\"vce-post-list-tags\"><\/p><\/div><\/article><\/div><\/div><div class=\"vce-posts-grid-pagination\">\n    <\/div>\n<\/div><\/div><\/div><\/div><\/div><\/div><\/div><\/div>\n","protected":false},"excerpt":{"rendered":"<p>Blog Va\u0161 vir za telekomunikacijske vpoglede, novice podjetja in inovativno miselno voditeljstvo.All Blog<\/p>\n","protected":false},"author":2,"featured_media":0,"parent":0,"menu_order":0,"comment_status":"closed","ping_status":"closed","template":"","meta":{"inline_featured_image":false,"footnotes":""},"class_list":["post-675","page","type-page","status-publish","hentry"],"_links":{"self":[{"href":"https:\/\/zaytel.si\/sl\/wp-json\/wp\/v2\/pages\/675","targetHints":{"allow":["GET"]}}],"collection":[{"href":"https:\/\/zaytel.si\/sl\/wp-json\/wp\/v2\/pages"}],"about":[{"href":"https:\/\/zaytel.si\/sl\/wp-json\/wp\/v2\/types\/page"}],"author":[{"embeddable":true,"href":"https:\/\/zaytel.si\/sl\/wp-json\/wp\/v2\/users\/2"}],"replies":[{"embeddable":true,"href":"https:\/\/zaytel.si\/sl\/wp-json\/wp\/v2\/comments?post=675"}],"version-history":[{"count":2,"href":"https:\/\/zaytel.si\/sl\/wp-json\/wp\/v2\/pages\/675\/revisions"}],"predecessor-version":[{"id":1486,"href":"https:\/\/zaytel.si\/sl\/wp-json\/wp\/v2\/pages\/675\/revisions\/1486"}],"wp:attachment":[{"href":"https:\/\/zaytel.si\/sl\/wp-json\/wp\/v2\/media?parent=675"}],"curies":[{"name":"wp","href":"https:\/\/api.w.org\/{rel}","templated":true}]}}