{"id":46,"date":"2025-11-17T06:38:49","date_gmt":"2025-11-17T06:38:49","guid":{"rendered":"https:\/\/zaytel.si\/sl\/?page_id=46"},"modified":"2025-12-26T07:02:59","modified_gmt":"2025-12-26T07:02:59","slug":"services","status":"publish","type":"page","link":"https:\/\/zaytel.si\/sl\/services\/","title":{"rendered":"Services"},"content":{"rendered":"<div class=\"vce-row-container\"><div class=\"vce-row vce-element--has-background vce-row--col-gap-30 services-listing-bnr-section side-space section-height vce-row-full-height vce-row-equal-height vce-row-columns--middle vce-row-content--middle\" data-vce-full-width=\"true\" data-vce-stretch-content=\"true\" id=\"el-ae10d43c\" data-vce-do-apply=\"all el-ae10d43c\"><div class=\"vce-content-background-container\"><\/div><div class=\"vce-row-content\" data-vce-element-content=\"true\"><div class=\"vce-col vce-col--md-auto vce-col--xs-1 vce-col--xs-last vce-col--xs-first vce-col--sm-last vce-col--sm-first vce-col--md-last vce-col--lg-last vce-col--xl-last vce-col--md-first vce-col--lg-first vce-col--xl-first\" id=\"el-1e83d905\"><div class=\"vce-col-inner\" data-vce-do-apply=\"border margin background  el-1e83d905\"><div class=\"vce-col-content\" data-vce-element-content=\"true\" data-vce-do-apply=\"padding el-1e83d905\"><div class=\"vce-text-block service-listing-bnr-ctnt\"><div class=\"vce-text-block-wrapper vce\" id=\"el-2500ae8a\" data-vce-do-apply=\"all el-2500ae8a\"><h1 style=\"text-align: center;\"><span data-sheets-root=\"1\">Pospe\u0161ite uporabni\u0161ko izku\u0161njo v telekomunikacijah<\/span><\/h1><p style=\"text-align: center;\"><span data-sheets-root=\"1\">Tu poglobimo opise storitev, da potencialne stranke bolje razumejo vrednost, primere uporabe in tehni\u010dne prednosti.<\/span><\/p><\/div><\/div><div class=\"vce-button-group-container banner-btn-grup\" id=\"el-3813e12a\" data-vce-do-apply=\"all el-3813e12a\"><div class=\"vce-button-group vce-button-group--gap-20 vce-button-group-alignment--center vce-button-group-vertical-alignment--middle\"><div class=\"vce-button--style-basic-container red-btn-arrow vce-button--style-basic-container--align-center\"><span class=\"vce-button--style-basic-wrapper vce\" id=\"el-bd9f5646\" data-vce-do-apply=\"margin el-bd9f5646\"><a class=\"vce-button vce-button--style-basic vce-button--style-basic--border-square vce-button--style-basic--size-medium vce-button--style-basic--color-557cbf--fff\" href=\"https:\/\/zaytel.si\/sl\/contact-us\/\" title=\"\" rel=\"nofollow\" data-vce-do-apply=\"padding border background  el-bd9f5646\">Pove\u017eite se z nami zdaj<\/a><\/span><\/div><div class=\"vce-button--style-basic-container white-btn-arrow vce-button--style-basic-container--align-center\"><span class=\"vce-button--style-basic-wrapper vce\" id=\"el-4712e828\" data-vce-do-apply=\"margin el-4712e828\"><a class=\"vce-button vce-button--style-basic vce-button--style-basic--border-square vce-button--style-basic--size-medium vce-button--style-basic--color-557cbf--fff\" href=\"#services-row\" title=\"\" data-vce-do-apply=\"padding border background  el-4712e828\">Razi\u0161\u010dite na\u0161e storitve<\/a><\/span><\/div><\/div><\/div><\/div><\/div><\/div><\/div><\/div><\/div><div class=\"vce-row-container\" id=\"services-row\"><div class=\"vce-row vce-row--col-gap-30 side-space tb-space vce-row-equal-height vce-row-content--top\" data-vce-full-width=\"true\" data-vce-stretch-content=\"true\" id=\"el-acea9e13\" data-vce-do-apply=\"all el-acea9e13\"><div class=\"vce-row-content\" data-vce-element-content=\"true\"><div class=\"vce-col vce-col--xs-100p vce-col--xs-visible vce-col--xs-last vce-col--xs-first vce-col--sm-100p vce-col--sm-visible vce-col--sm-last vce-col--sm-first vce-col--md-auto vce-col--md-visible vce-col--md-last vce-col--md-first vce-col--lg-auto vce-col--lg-visible vce-col--lg-last vce-col--lg-first vce-col--xl-auto vce-col--xl-visible vce-col--xl-last vce-col--xl-first\" id=\"el-43378be3\"><div class=\"vce-col-inner\" data-vce-do-apply=\"border margin background  el-43378be3\"><div class=\"vce-col-content\" data-vce-element-content=\"true\" data-vce-do-apply=\"padding el-43378be3\"><div class=\"vce-text-block\"><div class=\"vce-text-block-wrapper vce\" id=\"el-d9386670\" data-vce-do-apply=\"all el-d9386670\"><h3 style=\"text-align: center;\"><span data-sheets-root=\"1\">Storitve, ki vas ohranjajo povezane<\/span><\/h3><\/div><\/div><div class=\"vce-row-container\" data-vce-boxed-width=\"true\"><div class=\"vce-row vce-row--col-gap-20 services-listing-inner-row vce-row-equal-height vce-row-content--top\" id=\"el-26bdc5c8\" data-vce-do-apply=\"all el-26bdc5c8\"><div class=\"vce-row-content\" data-vce-element-content=\"true\"><div class=\"vce-col vce-col--xs-100p vce-col--xs-visible vce-col--xs-last vce-col--xs-first vce-col--sm-50p vce-col--sm-visible vce-col--sm-first vce-col--md-33-33p vce-col--md-visible vce-col--md-first vce-col--lg-25p vce-col--lg-visible vce-col--lg-first vce-col--xl-25p vce-col--xl-visible vce-col--xl-first services-listing-cards-outer-col\" id=\"el-042d0bd5\"><div class=\"vce-col-inner\" data-vce-do-apply=\"border margin background  el-042d0bd5\"><div class=\"vce-col-content\" data-vce-element-content=\"true\" data-vce-do-apply=\"padding el-042d0bd5\"><div class=\"vce-row-container\" data-vce-boxed-width=\"true\"><div class=\"vce-row vce-row--col-gap-30 services-listings-card vce-row-equal-height vce-row-content--top\" id=\"el-14bb3e55\" data-vce-do-apply=\"all el-14bb3e55\"><div class=\"vce-row-content\" data-vce-element-content=\"true\"><div class=\"vce-col vce-col--md-auto vce-col--xs-1 vce-col--xs-last vce-col--xs-first vce-col--sm-last vce-col--sm-first vce-col--md-last vce-col--lg-last vce-col--xl-last vce-col--md-first vce-col--lg-first vce-col--xl-first\" id=\"el-2e52a7b1\"><div class=\"vce-col-inner\" data-vce-do-apply=\"border margin background  el-2e52a7b1\"><div class=\"vce-col-content\" data-vce-element-content=\"true\" data-vce-do-apply=\"padding el-2e52a7b1\"><div class=\"vce-single-image-container services-listings-card-img vce-single-image--align-left\"><div class=\"vce vce-single-image-wrapper\" id=\"el-01613b37\" data-vce-do-apply=\"all el-01613b37\"><figure><div class=\"vce-single-image-figure-inner\" style=\"width: 293px;\"><div class=\"vce-single-image-inner vce-single-image--absolute\" style=\"width: 100%; padding-bottom: 77.1331%;\"><img loading=\"lazy\" decoding=\"async\" class=\"vce-single-image\"  width=\"293\" height=\"226\" srcset=\"https:\/\/zaytel.si\/sl\/wp-content\/uploads\/2025\/12\/VOIP-Solution-293x226.webp 293w\" src=\"https:\/\/zaytel.si\/sl\/wp-content\/uploads\/2025\/12\/VOIP-Solution-293x226.webp\" data-img-src=\"https:\/\/zaytel.si\/sl\/wp-content\/uploads\/2025\/11\/VOIP-Solution.webp\" data-attachment-id=\"99\"  alt=\"\" title=\"VOIP Solution\" \/><\/div><\/div><figcaption hidden=\"\"><\/figcaption><\/figure><\/div><\/div><div class=\"vce-text-block\"><div class=\"vce-text-block-wrapper vce\" id=\"el-9083d690\" data-vce-do-apply=\"all el-9083d690\"><h4>VoIP re\u0161itve<\/h4><p><span data-sheets-root=\"1\">VoIP (Voice over IP) storitev ZAYTEL je zasnovana za podjetja, operaterje in okolja z visokimi zahtevami. Ponujamo kristalno jasen glas, robustno varnost in zmogljivo platformo, ki se \u0161iri skupaj z rastjo va\u0161ega podjetja.<\/span><\/p><\/div><\/div><div class=\"vce-button--style-basic-container Learn-more-btn vce-button--style-basic-container--align-left\"><span class=\"vce-button--style-basic-wrapper vce\" id=\"el-350e853d\" data-vce-do-apply=\"margin el-350e853d\"><a class=\"vce-button vce-button--style-basic vce-button--style-basic--border-square vce-button--style-basic--size-small vce-button--style-basic--color-ba-0-0-0-0--b-233-26-47\" href=\"https:\/\/zaytel.si\/sl\/voip-solutions-internal\/\" title=\"\" rel=\"nofollow\" data-vce-do-apply=\"padding border background  el-350e853d\">Izvedite ve\u010d<\/a><\/span><\/div><\/div><\/div><\/div><\/div><\/div><\/div><\/div><\/div><\/div><div class=\"vce-col vce-col--xs-100p vce-col--xs-visible vce-col--xs-last vce-col--xs-first vce-col--sm-50p vce-col--sm-visible vce-col--sm-last vce-col--md-33-33p vce-col--md-visible vce-col--lg-25p vce-col--lg-visible vce-col--xl-25p vce-col--xl-visible services-listing-cards-outer-col\" id=\"el-c719bd9e\"><div class=\"vce-col-inner\" data-vce-do-apply=\"border margin background  el-c719bd9e\"><div class=\"vce-col-content\" data-vce-element-content=\"true\" data-vce-do-apply=\"padding el-c719bd9e\"><div class=\"vce-row-container\" data-vce-boxed-width=\"true\"><div class=\"vce-row vce-row--col-gap-30 services-listings-card vce-row-equal-height vce-row-content--top\" id=\"el-dbe7d285\" data-vce-do-apply=\"all el-dbe7d285\"><div class=\"vce-row-content\" data-vce-element-content=\"true\"><div class=\"vce-col vce-col--md-auto vce-col--xs-1 vce-col--xs-last vce-col--xs-first vce-col--sm-last vce-col--sm-first vce-col--md-last vce-col--lg-last vce-col--xl-last vce-col--md-first vce-col--lg-first vce-col--xl-first\" id=\"el-ed63442c\"><div class=\"vce-col-inner\" data-vce-do-apply=\"border margin background  el-ed63442c\"><div class=\"vce-col-content\" data-vce-element-content=\"true\" data-vce-do-apply=\"padding el-ed63442c\"><div class=\"vce-single-image-container services-listings-card-img vce-single-image--align-left\"><div class=\"vce vce-single-image-wrapper\" id=\"el-82e373a3\" data-vce-do-apply=\"all el-82e373a3\"><figure><div class=\"vce-single-image-figure-inner\" style=\"width: 293px;\"><div class=\"vce-single-image-inner vce-single-image--absolute\" style=\"width: 100%; padding-bottom: 77.1331%;\"><img loading=\"lazy\" decoding=\"async\" class=\"vce-single-image\"  width=\"293\" height=\"226\" srcset=\"https:\/\/zaytel.si\/sl\/wp-content\/uploads\/2025\/12\/SMS-Messaging-Solutions-293x226.webp 293w\" src=\"https:\/\/zaytel.si\/sl\/wp-content\/uploads\/2025\/12\/SMS-Messaging-Solutions-293x226.webp\" data-img-src=\"https:\/\/zaytel.si\/sl\/wp-content\/uploads\/2025\/11\/SMS-Messaging-Solutions.webp\" data-attachment-id=\"98\"  alt=\"\" title=\"SMS &amp; Messaging Solutions\" \/><\/div><\/div><figcaption hidden=\"\"><\/figcaption><\/figure><\/div><\/div><div class=\"vce-text-block\"><div class=\"vce-text-block-wrapper vce\" id=\"el-c7de761c\" data-vce-do-apply=\"all el-c7de761c\"><h4><span data-sheets-root=\"1\">SMS in sporo\u010dilne re\u0161itve<\/span><\/h4><p><span data-sheets-root=\"1\">Sporo\u010dilna platforma ZAYTEL je zgrajena za sodobna podjetja, ki potrebujejo zanesljivo, raz\u0161irljivo in programabilno SMS komunikacijo\u2014naj bo to za avtentikacijo, marketing, obvestila ali podporo.<\/span><\/p><\/div><\/div><div class=\"vce-button--style-basic-container Learn-more-btn vce-button--style-basic-container--align-left\"><span class=\"vce-button--style-basic-wrapper vce\" id=\"el-437cd294\" data-vce-do-apply=\"margin el-437cd294\"><a class=\"vce-button vce-button--style-basic vce-button--style-basic--border-square vce-button--style-basic--size-small vce-button--style-basic--color-ba-0-0-0-0--b-233-26-47\" href=\"https:\/\/zaytel.si\/sl\/sms-messaging-solution\/\" title=\"\" rel=\"nofollow\" data-vce-do-apply=\"padding border background  el-437cd294\">Izvedite ve\u010d<\/a><\/span><\/div><\/div><\/div><\/div><\/div><\/div><\/div><\/div><\/div><\/div><div class=\"vce-col vce-col--xs-100p vce-col--xs-visible vce-col--xs-last vce-col--xs-first vce-col--sm-50p vce-col--sm-visible vce-col--sm-first vce-col--md-33-33p vce-col--md-visible vce-col--md-last vce-col--lg-25p vce-col--lg-visible vce-col--xl-25p vce-col--xl-visible services-listing-cards-outer-col\" id=\"el-712a5779\"><div class=\"vce-col-inner\" data-vce-do-apply=\"border margin background  el-712a5779\"><div class=\"vce-col-content\" data-vce-element-content=\"true\" data-vce-do-apply=\"padding el-712a5779\"><div class=\"vce-row-container\" data-vce-boxed-width=\"true\"><div class=\"vce-row vce-row--col-gap-30 services-listings-card vce-row-equal-height vce-row-content--top\" id=\"el-458d678a\" data-vce-do-apply=\"all el-458d678a\"><div class=\"vce-row-content\" data-vce-element-content=\"true\"><div class=\"vce-col vce-col--md-auto vce-col--xs-1 vce-col--xs-last vce-col--xs-first vce-col--sm-last vce-col--sm-first vce-col--md-last vce-col--lg-last vce-col--xl-last vce-col--md-first vce-col--lg-first vce-col--xl-first\" id=\"el-58b6d6b5\"><div class=\"vce-col-inner\" data-vce-do-apply=\"border margin background  el-58b6d6b5\"><div class=\"vce-col-content\" data-vce-element-content=\"true\" data-vce-do-apply=\"padding el-58b6d6b5\"><div class=\"vce-single-image-container services-listings-card-img vce-single-image--align-left\"><div class=\"vce vce-single-image-wrapper\" id=\"el-ef7eca3b\" data-vce-do-apply=\"all el-ef7eca3b\"><figure><div class=\"vce-single-image-figure-inner\" style=\"width: 293px;\"><div class=\"vce-single-image-inner vce-single-image--absolute\" style=\"width: 100%; padding-bottom: 77.1331%;\"><img loading=\"lazy\" decoding=\"async\" class=\"vce-single-image\"  width=\"293\" height=\"226\" srcset=\"https:\/\/zaytel.si\/sl\/wp-content\/uploads\/2025\/12\/e-SIM-Cards-293x226.webp 293w\" src=\"https:\/\/zaytel.si\/sl\/wp-content\/uploads\/2025\/12\/e-SIM-Cards-293x226.webp\" data-img-src=\"https:\/\/zaytel.si\/sl\/wp-content\/uploads\/2025\/11\/e-SIM-Cards.webp\" data-attachment-id=\"96\"  alt=\"\" title=\"e SIM Cards\" \/><\/div><\/div><figcaption hidden=\"\"><\/figcaption><\/figure><\/div><\/div><div class=\"vce-text-block\"><div class=\"vce-text-block-wrapper vce\" id=\"el-e71d408d\" data-vce-do-apply=\"all el-e71d408d\"><h4><span data-sheets-root=\"1\">eSIM in podatkovni roaming<\/span><\/h4><p><span data-sheets-root=\"1\">Prihodnost povezljivosti je tukaj. eSIM storitev ZAYTEL zagotavlja popolnoma digitalne SIM profile\u2014brez fizi\u010dnih kartic in z mo\u017enostjo dinami\u010dnega preklapljanja operaterjev.<\/span><\/p><\/div><\/div><div class=\"vce-button--style-basic-container Learn-more-btn vce-button--style-basic-container--align-left\"><span class=\"vce-button--style-basic-wrapper vce\" id=\"el-dac71070\" data-vce-do-apply=\"margin el-dac71070\"><a class=\"vce-button vce-button--style-basic vce-button--style-basic--border-square vce-button--style-basic--size-small vce-button--style-basic--color-ba-0-0-0-0--b-233-26-47\" href=\"https:\/\/zaytel.si\/sl\/e-sim-cards-data-roaming\/\" title=\"\" rel=\"nofollow\" data-vce-do-apply=\"padding border background  el-dac71070\">Izvedite ve\u010d<\/a><\/span><\/div><\/div><\/div><\/div><\/div><\/div><\/div><\/div><\/div><\/div><div class=\"vce-col vce-col--xs-100p vce-col--xs-visible vce-col--xs-last vce-col--xs-first vce-col--sm-50p vce-col--sm-visible vce-col--sm-last vce-col--md-33-33p vce-col--md-visible vce-col--md-last vce-col--md-first vce-col--lg-25p vce-col--lg-visible vce-col--lg-last vce-col--xl-25p vce-col--xl-visible vce-col--xl-last services-listing-cards-outer-col\" id=\"el-8a66c0f2\"><div class=\"vce-col-inner\" data-vce-do-apply=\"border margin background  el-8a66c0f2\"><div class=\"vce-col-content\" data-vce-element-content=\"true\" data-vce-do-apply=\"padding el-8a66c0f2\"><div class=\"vce-row-container\" data-vce-boxed-width=\"true\"><div class=\"vce-row vce-row--col-gap-30 services-listings-card vce-row-equal-height vce-row-content--top\" id=\"el-9c7be90d\" data-vce-do-apply=\"all el-9c7be90d\"><div class=\"vce-row-content\" data-vce-element-content=\"true\"><div class=\"vce-col vce-col--md-auto vce-col--xs-1 vce-col--xs-last vce-col--xs-first vce-col--sm-last vce-col--sm-first vce-col--md-last vce-col--lg-last vce-col--xl-last vce-col--md-first vce-col--lg-first vce-col--xl-first\" id=\"el-39840d78\"><div class=\"vce-col-inner\" data-vce-do-apply=\"border margin background  el-39840d78\"><div class=\"vce-col-content\" data-vce-element-content=\"true\" data-vce-do-apply=\"padding el-39840d78\"><div class=\"vce-single-image-container services-listings-card-img vce-single-image--align-left\"><div class=\"vce vce-single-image-wrapper\" id=\"el-c67f0945\" data-vce-do-apply=\"all el-c67f0945\"><figure><div class=\"vce-single-image-figure-inner\" style=\"width: 293px;\"><div class=\"vce-single-image-inner vce-single-image--absolute\" style=\"width: 100%; padding-bottom: 77.1331%;\"><img loading=\"lazy\" decoding=\"async\" class=\"vce-single-image\"  width=\"293\" height=\"226\" srcset=\"https:\/\/zaytel.si\/sl\/wp-content\/uploads\/2025\/12\/Data-Roaming-293x226.webp 293w\" src=\"https:\/\/zaytel.si\/sl\/wp-content\/uploads\/2025\/12\/Data-Roaming-293x226.webp\" data-img-src=\"https:\/\/zaytel.si\/sl\/wp-content\/uploads\/2025\/11\/Data-Roaming.webp\" data-attachment-id=\"97\"  alt=\"\" title=\"Data Roaming\" \/><\/div><\/div><figcaption hidden=\"\"><\/figcaption><\/figure><\/div><\/div><div class=\"vce-text-block\"><div class=\"vce-text-block-wrapper vce\" id=\"el-e6e952bd\" data-vce-do-apply=\"all el-e6e952bd\"><h4><span data-sheets-root=\"1\">Storitve digitalnega marketinga<\/span><\/h4><p><span data-sheets-root=\"1\">ZAYTEL podpira podjetja tudi onkraj povezljivosti z zagotavljanjem celovitih storitev digitalnega marketinga.<\/span><\/p><\/div><\/div><div class=\"vce-button--style-basic-container Learn-more-btn vce-button--style-basic-container--align-left\"><span class=\"vce-button--style-basic-wrapper vce\" id=\"el-85fc4b0a\" data-vce-do-apply=\"margin el-85fc4b0a\"><a class=\"vce-button vce-button--style-basic vce-button--style-basic--border-square vce-button--style-basic--size-small vce-button--style-basic--color-ba-0-0-0-0--b-233-26-47\" href=\"https:\/\/zaytel.si\/sl\/digital-marketing-services\/\" title=\"\" rel=\"nofollow\" data-vce-do-apply=\"padding border background  el-85fc4b0a\">Izvedite ve\u010d<\/a><\/span><\/div><\/div><\/div><\/div><\/div><\/div><\/div><\/div><\/div><\/div><\/div><\/div><\/div><\/div><\/div><\/div><\/div><\/div><\/div>\n","protected":false},"excerpt":{"rendered":"<p>Pospe\u0161ite uporabni\u0161ko izku\u0161njo v telekomunikacijahTu poglobimo opise storitev, da potencialne stranke bolje razumejo vrednost, primere uporabe in tehni\u010dne prednosti.Pove\u017eite se z nami zdajRazi\u0161\u010dite na\u0161e storitveStoritve, ki vas ohranjajo povezaneVoIP re\u0161itveVoIP (Voice over IP) storitev ZAYTEL je zasnovana za podjetja, operaterje in okolja z visokimi zahtevami. Ponujamo kristalno jasen glas, robustno varnost in zmogljivo platformo, ki &hellip; <\/p>\n<p class=\"link-more\"><a href=\"https:\/\/zaytel.si\/sl\/services\/\" class=\"more-link\">Preberi ve\u010d<span class=\"screen-reader-text\"> &#8220;Services&#8221;<\/span><\/a><\/p>\n","protected":false},"author":2,"featured_media":0,"parent":0,"menu_order":0,"comment_status":"closed","ping_status":"closed","template":"","meta":{"inline_featured_image":false,"footnotes":""},"class_list":["post-46","page","type-page","status-publish","hentry"],"_links":{"self":[{"href":"https:\/\/zaytel.si\/sl\/wp-json\/wp\/v2\/pages\/46","targetHints":{"allow":["GET"]}}],"collection":[{"href":"https:\/\/zaytel.si\/sl\/wp-json\/wp\/v2\/pages"}],"about":[{"href":"https:\/\/zaytel.si\/sl\/wp-json\/wp\/v2\/types\/page"}],"author":[{"embeddable":true,"href":"https:\/\/zaytel.si\/sl\/wp-json\/wp\/v2\/users\/2"}],"replies":[{"embeddable":true,"href":"https:\/\/zaytel.si\/sl\/wp-json\/wp\/v2\/comments?post=46"}],"version-history":[{"count":9,"href":"https:\/\/zaytel.si\/sl\/wp-json\/wp\/v2\/pages\/46\/revisions"}],"predecessor-version":[{"id":1491,"href":"https:\/\/zaytel.si\/sl\/wp-json\/wp\/v2\/pages\/46\/revisions\/1491"}],"wp:attachment":[{"href":"https:\/\/zaytel.si\/sl\/wp-json\/wp\/v2\/media?parent=46"}],"curies":[{"name":"wp","href":"https:\/\/api.w.org\/{rel}","templated":true}]}}