{"id":26,"date":"2025-11-17T05:16:42","date_gmt":"2025-11-17T05:16:42","guid":{"rendered":"https:\/\/zaytel.si\/sl\/?page_id=26"},"modified":"2025-12-26T05:06:59","modified_gmt":"2025-12-26T05:06:59","slug":"contact-us","status":"publish","type":"page","link":"https:\/\/zaytel.si\/sl\/contact-us\/","title":{"rendered":"Contact Us"},"content":{"rendered":"<div class=\"vce-row-container\"><div class=\"vce-row vce-row--col-gap-30 side-space contact-section  vce-row-equal-height vce-row-content--middle\" data-vce-full-width=\"true\" data-vce-stretch-content=\"true\" id=\"el-56f5b366\" data-vce-do-apply=\"all el-56f5b366\"><div class=\"vce-content-background-container\"><\/div><div class=\"vce-row-content\" data-vce-element-content=\"true\"><div class=\"vce-col vce-col--md-auto vce-col--xs-1 vce-col--xs-last vce-col--xs-first vce-col--sm-last vce-col--sm-first vce-col--md-first vce-col--lg-first vce-col--xl-first\" id=\"el-8680399f\"><div class=\"vce-col-inner\" data-vce-do-apply=\"border margin background  el-8680399f\"><div class=\"vce-content-background-container\"><\/div><div class=\"vce-col-content\" data-vce-element-content=\"true\" data-vce-do-apply=\"padding el-8680399f\"><div class=\"vce-text-block get-in-touch\"><div class=\"vce-text-block-wrapper vce\" id=\"el-0d71f7dd\" data-vce-do-apply=\"all el-0d71f7dd\"><h3><b>Kontakt<\/b><\/h3><p><span data-sheets-root=\"1\">Imate vpra\u0161anja, potrebujete pomo\u010d ali \u017eelite izvedeti ve\u010d o na\u0161ih komunikacijskih re\u0161itvah? Na\u0161a ekipa vam je na voljo in vas bo vodila na vsakem koraku.<\/span><\/p><\/div><\/div><div class=\"vce-text-block contact-link contact-link1\"><div class=\"vce-text-block-wrapper vce\" id=\"el-2142665e\" data-vce-do-apply=\"all el-2142665e\"><p><span data-sheets-root=\"1\">Telefon<\/span><\/p><p><a href=\"http:\/\/+38638280663\">+386 38280663<\/a><\/p><\/div><\/div><div class=\"vce-text-block contact-link contact-link2\"><div class=\"vce-text-block-wrapper vce\" id=\"el-c2f60f31\" data-vce-do-apply=\"all el-c2f60f31\"><p><span data-sheets-root=\"1\">E-po\u0161ta (splo\u0161na vpra\u0161anja)<\/span><\/p><p><a href=\"mailto:info@zaytel.si\">info@zaytel.si<\/a><\/p><\/div><\/div><div class=\"vce-text-block contact-link contact-link3\"><div class=\"vce-text-block-wrapper vce\" id=\"el-39d28269\" data-vce-do-apply=\"all el-39d28269\"><p><span data-sheets-root=\"1\">Naslov<\/span><\/p>\n<p><a href=\"https:\/\/www.google.com\/maps\/search\/?api=1&amp;query=Ulica+XIV.+divizije+8,+3000+Celje,+Slovenia\" target=\"_blank\" rel=\"noopener\">Ulica XIV. divizije 8, 3000 Celje, Slovenia<br>\n<\/a><\/p>\n<\/div><\/div><\/div><\/div><\/div><div class=\"vce-col vce-col--md-auto vce-col--xs-1 vce-col--xs-last vce-col--xs-first vce-col--sm-last vce-col--sm-first vce-col--md-last vce-col--lg-last vce-col--xl-last\" id=\"el-a3b4e3ef\"><div class=\"vce-col-inner\" data-vce-do-apply=\"border margin background  el-a3b4e3ef\"><div class=\"vce-col-content\" data-vce-element-content=\"true\" data-vce-do-apply=\"padding el-a3b4e3ef\"><div class=\"vce-shortcode &lt;p class=&quot;wpcf7-contact-form-not-found&quot;&gt;&lt;strong&gt;Error:&lt;\/strong&gt; Contact form not found.&lt;\/p&gt;\"><div class=\"vce-shortcode-wrapper vce\" id=\"el-66685a2e\" data-vce-do-apply=\"all el-66685a2e\">\n<div class=\"wpcf7 no-js\" id=\"wpcf7-f43-o1\" lang=\"en-US\" dir=\"ltr\" data-wpcf7-id=\"43\">\n<div class=\"screen-reader-response\"><p role=\"status\" aria-live=\"polite\" aria-atomic=\"true\"><\/p> <ul><\/ul><\/div>\n<form action=\"\/sl\/wp-json\/wp\/v2\/pages\/26#wpcf7-f43-o1\" method=\"post\" class=\"wpcf7-form init\" aria-label=\"Contact form\" novalidate=\"novalidate\" data-status=\"init\">\n<fieldset class=\"hidden-fields-container\"><input type=\"hidden\" name=\"_wpcf7\" value=\"43\" \/><input type=\"hidden\" name=\"_wpcf7_version\" value=\"6.1.4\" \/><input type=\"hidden\" name=\"_wpcf7_locale\" value=\"en_US\" \/><input type=\"hidden\" name=\"_wpcf7_unit_tag\" value=\"wpcf7-f43-o1\" \/><input type=\"hidden\" name=\"_wpcf7_container_post\" value=\"0\" \/><input type=\"hidden\" name=\"_wpcf7_posted_data_hash\" value=\"\" \/>\n<\/fieldset>\n<div class=\"row\">\n\t<div class=\"field1 col-12 col-lg-6\">\n\t\t<p><label>Full Name*<\/label><br \/>\n<span class=\"wpcf7-form-control-wrap\" data-name=\"text-305\"><input size=\"40\" maxlength=\"400\" class=\"wpcf7-form-control wpcf7-text wpcf7-validates-as-required name\" aria-required=\"true\" aria-invalid=\"false\" placeholder=\"Enter Full Name\" value=\"\" type=\"text\" name=\"text-305\" \/><\/span>\n\t\t<\/p>\n\t<\/div>\n\t<div class=\"field2 col-12 col-lg-6\">\n\t\t<p><label>Email*<\/label><br \/>\n<span class=\"wpcf7-form-control-wrap\" data-name=\"email-527\"><input size=\"40\" maxlength=\"400\" class=\"wpcf7-form-control wpcf7-email wpcf7-validates-as-required wpcf7-text wpcf7-validates-as-email email\" aria-required=\"true\" aria-invalid=\"false\" placeholder=\"Enter Email\" value=\"\" type=\"email\" name=\"email-527\" \/><\/span>\n\t\t<\/p>\n\t<\/div>\n\t<div class=\"field3 col-12 col-lg-6\">\n\t\t<p><label>Your Telephone*<\/label><br \/>\n<span class=\"wpcf7-form-control-wrap\" data-name=\"tel-362\"><input size=\"40\" maxlength=\"400\" class=\"wpcf7-form-control wpcf7-tel wpcf7-validates-as-required wpcf7-text wpcf7-validates-as-tel telephone-number\" aria-required=\"true\" aria-invalid=\"false\" placeholder=\"Telephone Number\" value=\"\" type=\"tel\" name=\"tel-362\" \/><\/span>\n\t\t<\/p>\n\t<\/div>\n\t<div class=\"field4 col-12 col-lg-6\">\n\t\t<p><label>Company*<\/label><br \/>\n<span class=\"wpcf7-form-control-wrap\" data-name=\"text-610\"><input size=\"40\" maxlength=\"400\" class=\"wpcf7-form-control wpcf7-text wpcf7-validates-as-required company-name\" aria-required=\"true\" aria-invalid=\"false\" placeholder=\"Company Name\" value=\"\" type=\"text\" name=\"text-610\" \/><\/span>\n\t\t<\/p>\n\t<\/div>\n\t<div class=\"field5 col-12\">\n\t\t<p><label>Country*<\/label><br \/>\n<span class=\"wpcf7-form-control-wrap\" data-name=\"text-809\"><input size=\"40\" maxlength=\"400\" class=\"wpcf7-form-control wpcf7-text wpcf7-validates-as-required country-name\" aria-required=\"true\" aria-invalid=\"false\" placeholder=\"Enter Country Name\" value=\"\" type=\"text\" name=\"text-809\" \/><\/span>\n\t\t<\/p>\n\t<\/div>\n\t<div class=\"field6 col-12\">\n\t\t<p><label>Message<\/label><br \/>\n<span class=\"wpcf7-form-control-wrap\" data-name=\"textarea-404\"><textarea cols=\"40\" rows=\"10\" maxlength=\"2000\" class=\"wpcf7-form-control wpcf7-textarea wpcf7-validates-as-required msg-section\" aria-required=\"true\" aria-invalid=\"false\" placeholder=\"Type Your Message\" name=\"textarea-404\"><\/textarea><\/span>\n\t\t<\/p>\n\t<\/div>\n\t<div class=\"submit-button col-12\">\n\t\t<p><input class=\"wpcf7-form-control wpcf7-submit has-spinner submit\" type=\"submit\" value=\"Submit\" \/>\n\t\t<\/p>\n\t<\/div>\n<\/div><div class=\"wpcf7-response-output\" aria-hidden=\"true\"><\/div>\n<\/form>\n<\/div>\n<\/div><\/div><\/div><\/div><\/div><\/div><\/div><\/div><div class=\"vce-row-container\"><div class=\"vce-row vce-row--col-gap-30 map-section side-space tb-space vce-row-equal-height vce-row-content--top\" data-vce-full-width=\"true\" data-vce-stretch-content=\"true\" id=\"el-0cd3a73b\" data-vce-do-apply=\"all el-0cd3a73b\"><div class=\"vce-content-background-container\"><\/div><div class=\"vce-row-content\" data-vce-element-content=\"true\"><div class=\"vce-col vce-col--md-auto vce-col--xs-1 vce-col--xs-last vce-col--xs-first vce-col--sm-last vce-col--sm-first vce-col--md-last vce-col--lg-last vce-col--xl-last vce-col--md-first vce-col--lg-first vce-col--xl-first\" id=\"el-c163f0c7\"><div class=\"vce-col-inner\" data-vce-do-apply=\"border margin background  el-c163f0c7\"><div class=\"vce-col-content\" data-vce-element-content=\"true\" data-vce-do-apply=\"padding el-c163f0c7\"><div class=\"vce-google-maps vce-google-maps--align-left\"><div class=\"vce-google-maps-wrapper vce vce-google-maps-proportional\" id=\"el-723a871a\" data-vce-do-apply=\"all el-723a871a\" style=\"width: 600px; height: auto;\"><div class=\"vce-google-maps-inner\" style=\"padding-bottom: 75%;\"><iframe src=\"https:\/\/www.google.com\/maps\/embed?pb=!1m18!1m12!1m3!1d2760.1822951935533!2d15.266731300000002!3d46.2267194!2m3!1f0!2f0!3f0!3m2!1i1024!2i768!4f13.1!3m3!1m2!1s0x476570e2b1b9f347%3A0xd9bd7f145a1eaab8!2sUlica%20XIV.%20divizije%208%2C%203000%20Celje%2C%20Slovenia!5e0!3m2!1sen!2sin!4v1764939501902!5m2!1sen!2sin\" width=\"600\" height=\"450\" style=\"border: 0px; pointer-events: none;\" allowfullscreen=\"\" loading=\"lazy\" referrerpolicy=\"no-referrer-when-downgrade\"><\/iframe><\/div><\/div><\/div><\/div><\/div><\/div><\/div><\/div><\/div>\n","protected":false},"excerpt":{"rendered":"<p>KontaktImate vpra\u0161anja, potrebujete pomo\u010d ali \u017eelite izvedeti ve\u010d o na\u0161ih komunikacijskih re\u0161itvah? Na\u0161a ekipa vam je na voljo in vas bo vodila na vsakem koraku.Telefon+386 38280663E-po\u0161ta (splo\u0161na vpra\u0161anja)info@zaytel.siNaslov Ulica XIV. divizije 8, 3000 Celje, Slovenia<\/p>\n","protected":false},"author":2,"featured_media":0,"parent":0,"menu_order":0,"comment_status":"closed","ping_status":"closed","template":"","meta":{"inline_featured_image":false,"footnotes":""},"class_list":["post-26","page","type-page","status-publish","hentry"],"_links":{"self":[{"href":"https:\/\/zaytel.si\/sl\/wp-json\/wp\/v2\/pages\/26","targetHints":{"allow":["GET"]}}],"collection":[{"href":"https:\/\/zaytel.si\/sl\/wp-json\/wp\/v2\/pages"}],"about":[{"href":"https:\/\/zaytel.si\/sl\/wp-json\/wp\/v2\/types\/page"}],"author":[{"embeddable":true,"href":"https:\/\/zaytel.si\/sl\/wp-json\/wp\/v2\/users\/2"}],"replies":[{"embeddable":true,"href":"https:\/\/zaytel.si\/sl\/wp-json\/wp\/v2\/comments?post=26"}],"version-history":[{"count":3,"href":"https:\/\/zaytel.si\/sl\/wp-json\/wp\/v2\/pages\/26\/revisions"}],"predecessor-version":[{"id":1428,"href":"https:\/\/zaytel.si\/sl\/wp-json\/wp\/v2\/pages\/26\/revisions\/1428"}],"wp:attachment":[{"href":"https:\/\/zaytel.si\/sl\/wp-json\/wp\/v2\/media?parent=26"}],"curies":[{"name":"wp","href":"https:\/\/api.w.org\/{rel}","templated":true}]}}