{"id":1307,"date":"2025-12-10T05:56:20","date_gmt":"2025-12-10T05:56:20","guid":{"rendered":"https:\/\/zaytel.si\/sl\/?page_id=1307"},"modified":"2025-12-29T05:44:34","modified_gmt":"2025-12-29T05:44:34","slug":"digital-marketing-services","status":"publish","type":"page","link":"https:\/\/zaytel.si\/sl\/digital-marketing-services\/","title":{"rendered":"Digital Marketing Services"},"content":{"rendered":"<div class=\"vce-row-container\"><div class=\"vce-row vce-element--has-background vce-row--col-gap-30 section-height banner-section side-space vce-row-full-height vce-row-equal-height vce-row-columns--middle vce-row-content--middle\" data-vce-full-width=\"true\" data-vce-stretch-content=\"true\" id=\"el-2683a03a\" data-vce-do-apply=\"all el-2683a03a\"><div class=\"vce-content-background-container\"><\/div><div class=\"vce-row-content\" data-vce-element-content=\"true\"><div class=\"vce-col vce-col--md-55p vce-col--xs-1 vce-col--xs-last vce-col--xs-first vce-col--sm-last vce-col--sm-first vce-col--md-first vce-col--lg-first vce-col--xl-first service-txt\" id=\"el-eb5ad426\"><div class=\"vce-col-inner\" data-vce-do-apply=\"border margin background  el-eb5ad426\"><div class=\"vce-col-content\" data-vce-element-content=\"true\" data-vce-do-apply=\"padding el-eb5ad426\"><div class=\"vce-text-block banner-heading-txt\"><div class=\"vce-text-block-wrapper vce\" id=\"el-2ca2ce86\" data-vce-do-apply=\"all el-2ca2ce86\"><h1>Storitve digitalnega marketinga<\/h1><p>ZAYTEL podpira podjetja tudi onkraj povezljivosti s celovitimi storitvami digitalnega marketinga, zasnovanimi za ve\u010djo prepoznavnost, mo\u010dnej\u0161o vklju\u010denost strank in merljivo rast. Na\u0161a ekipa zdru\u017euje strategijo, vodeno s podatki, in kreativno izvedbo, da blagovnim znamkam pomaga dose\u010di prave ob\u010dinstva na globalnih trgih.<\/p><\/div><\/div><div class=\"vce-button-group-container banner-btn-grup\" id=\"el-fc90e09d\" data-vce-do-apply=\"all el-fc90e09d\"><div class=\"vce-button-group vce-button-group--gap-20 vce-button-group-alignment--left vce-button-group-vertical-alignment--middle\"><div class=\"vce-button--style-basic-container red-btn-arrow vce-button--style-basic-container--align-center\"><span class=\"vce-button--style-basic-wrapper vce\" id=\"el-8f3824b9\" data-vce-do-apply=\"margin el-8f3824b9\"><a class=\"vce-button vce-button--style-basic vce-button--style-basic--border-square vce-button--style-basic--size-medium vce-button--style-basic--color-557cbf--fff\" href=\"https:\/\/zaytel.si\/sl\/contact-us\/\" title=\"\" rel=\"nofollow\" data-vce-do-apply=\"padding border background  el-8f3824b9\">Kontaktirajte strokovnjaka<\/a><\/span><\/div><div class=\"vce-button--style-basic-container white-btn-arrow vce-button--style-basic-container--align-center\"><span class=\"vce-button--style-basic-wrapper vce\" id=\"el-09a5a6eb\" data-vce-do-apply=\"margin el-09a5a6eb\"><a class=\"vce-button vce-button--style-basic vce-button--style-basic--border-square vce-button--style-basic--size-medium vce-button--style-basic--color-557cbf--fff\" href=\"https:\/\/zaytel.si\/sl\/services\/\" title=\"\" rel=\"nofollow\" data-vce-do-apply=\"padding border background  el-09a5a6eb\">Razi\u0161\u010dite na\u0161e storitve<\/a><\/span><\/div><\/div><\/div><\/div><\/div><\/div><div class=\"vce-col vce-col--md-45p vce-col--xs-1 vce-col--xs-last vce-col--xs-first vce-col--sm-last vce-col--sm-first vce-col--md-last vce-col--lg-last vce-col--xl-last service-banner-img-col\" id=\"el-a1c1c466\"><div class=\"vce-col-inner\" data-vce-do-apply=\"border margin background  el-a1c1c466\"><div class=\"vce-col-content\" data-vce-element-content=\"true\" data-vce-do-apply=\"padding el-a1c1c466\"><div class=\"vce-row-container\" data-vce-boxed-width=\"true\"><div class=\"vce-row vce-row--col-gap-0 img-inner-row vce-row-equal-height vce-row-content--top\" id=\"el-247a34ec\" data-vce-do-apply=\"all el-247a34ec\"><div class=\"vce-row-content\" data-vce-element-content=\"true\"><div class=\"vce-col vce-col--md-100p vce-col--xs-1 vce-col--xs-last vce-col--xs-first vce-col--sm-last vce-col--sm-first vce-col--md-last vce-col--lg-last vce-col--xl-last vce-col--md-first vce-col--lg-first vce-col--xl-first\" id=\"el-59a2926b\"><div class=\"vce-col-inner\" data-vce-do-apply=\"border margin background  el-59a2926b\"><div class=\"vce-col-content\" data-vce-element-content=\"true\" data-vce-do-apply=\"padding el-59a2926b\"><div class=\"vce-single-image-container service-banner-img vce-single-image--align-right\"><div class=\"vce vce-single-image-wrapper\" id=\"el-fa6afb4e\" data-vce-do-apply=\"all el-fa6afb4e\"><figure><div class=\"vce-single-image-figure-inner\" style=\"width: 768px;\"><div class=\"vce-single-image-inner vce-single-image--absolute\" style=\"width: 100%; padding-bottom: 107.812%;\"><img loading=\"lazy\" decoding=\"async\" class=\"vce-single-image\"  width=\"768\" height=\"828\" srcset=\"https:\/\/zaytel.si\/sl\/wp-content\/uploads\/2025\/11\/image-115-1-320x345.webp 320w, https:\/\/zaytel.si\/sl\/wp-content\/uploads\/2025\/11\/image-115-1-480x518.webp 480w, https:\/\/zaytel.si\/sl\/wp-content\/uploads\/2025\/12\/image-115-1-768x828.webp 768w\" src=\"https:\/\/zaytel.si\/sl\/wp-content\/uploads\/2025\/12\/image-115-1-768x828.webp\" data-img-src=\"https:\/\/zaytel.si\/sl\/wp-content\/uploads\/2025\/11\/image-115-1.webp\" data-attachment-id=\"546\"  alt=\"\" title=\"image 115 (1)\" \/><\/div><\/div><figcaption hidden=\"\"><\/figcaption><\/figure><\/div><\/div><\/div><\/div><\/div><div class=\"vce-col vce-col--md-100p vce-col--xs-1 vce-col--xs-last vce-col--xs-first vce-col--sm-last vce-col--sm-first vce-col--md-last vce-col--lg-last vce-col--xl-last vce-col--md-first vce-col--lg-first vce-col--xl-first service-img-txt-col\" id=\"el-ea27cbd5\"><div class=\"vce-col-inner\" data-vce-do-apply=\"border margin background  el-ea27cbd5\"><div class=\"vce-col-content\" data-vce-element-content=\"true\" data-vce-do-apply=\"padding el-ea27cbd5\"><div class=\"vce-single-image-container img-icon vce-single-image--align-right\"><div class=\"vce vce-single-image-wrapper\" id=\"el-982b2271\" data-vce-do-apply=\"all el-982b2271\"><figure><div class=\"vce-single-image-figure-inner\" style=\"width: 30px;\"><div class=\"vce-single-image-inner vce-single-image--absolute\" style=\"width: 100%; padding-bottom: 100%;\"><img loading=\"lazy\" decoding=\"async\" class=\"vce-single-image\"  width=\"30\" height=\"30\" src=\"https:\/\/zaytel.si\/sl\/wp-content\/uploads\/2025\/11\/service-ineer.svg\" data-img-src=\"https:\/\/zaytel.si\/sl\/wp-content\/uploads\/2025\/11\/service-ineer.svg\" data-attachment-id=\"589\"  alt=\"\" title=\"service-ineer\" \/><\/div><\/div><figcaption hidden=\"\"><\/figcaption><\/figure><\/div><\/div><div class=\"vce-text-block middle-txt\"><div class=\"vce-text-block-wrapper vce\" id=\"el-e579a89a\" data-vce-do-apply=\"all el-e579a89a\"><p>Na\u0161e omre\u017eje je optimizirano za nizko zakasnitev in visoko razpolo\u017eljivost, kar zagotavlja jasen zvok tudi v zahtevnih okoljih.<\/p>\n<\/div><\/div><div class=\"vce-text-block last-txt\"><div class=\"vce-text-block-wrapper vce\" id=\"el-0c0fcc2c\" data-vce-do-apply=\"all el-0c0fcc2c\"><p style=\"text-align: left;\">Da, povej ve\u010d.<\/p>\n<\/div><\/div><\/div><\/div><\/div><\/div><\/div><\/div><\/div><\/div><\/div><\/div><\/div><\/div><div class=\"vce-row-container\"><div class=\"vce-row vce-row--col-gap-30 side-space Key-Strengths-row tb-space vce-row-equal-height vce-row-content--middle\" data-vce-full-width=\"true\" data-vce-stretch-content=\"true\" id=\"el-034b2dbd\" data-vce-do-apply=\"all el-034b2dbd\"><div class=\"vce-row-content\" data-vce-element-content=\"true\"><div class=\"vce-col vce-col--md-100p vce-col--xs-1 vce-col--xs-last vce-col--xs-first vce-col--sm-last vce-col--sm-first vce-col--md-last vce-col--lg-last vce-col--xl-last vce-col--md-first vce-col--lg-first vce-col--xl-first key-heading-col\" id=\"el-5d4b6e83\"><div class=\"vce-col-inner\" data-vce-do-apply=\"border margin background  el-5d4b6e83\"><div class=\"vce-col-content\" data-vce-element-content=\"true\" data-vce-do-apply=\"padding el-5d4b6e83\"><div class=\"vce-text-block key-heading\"><div class=\"vce-text-block-wrapper vce\" id=\"el-55e9ab07\" data-vce-do-apply=\"all el-55e9ab07\"><h3 style=\"text-align: center;\">&nbsp;<b> Kaj ponujamo<\/b><\/h3>\n<\/div><\/div><\/div><\/div><\/div><div class=\"vce-col vce-col--md-100p vce-col--xs-1 vce-col--xs-last vce-col--xs-first vce-col--sm-last vce-col--sm-first vce-col--md-last vce-col--lg-last vce-col--xl-last vce-col--md-first vce-col--lg-first vce-col--xl-first strength-cards-col\" id=\"el-02d7b43a\"><div class=\"vce-col-inner\" data-vce-do-apply=\"border margin background  el-02d7b43a\"><div class=\"vce-col-content\" data-vce-element-content=\"true\" data-vce-do-apply=\"padding el-02d7b43a\"><div class=\"vce-row-container\" data-vce-boxed-width=\"true\"><div class=\"vce-row vce-row--col-gap-25 strength-cards-row vce-row-equal-height vce-row-content--top\" id=\"el-eaa767ff\" data-vce-do-apply=\"all el-eaa767ff\"><div class=\"vce-row-content\" data-vce-element-content=\"true\"><div class=\"vce-col vce-col--xs-100p vce-col--xs-visible vce-col--xs-last vce-col--xs-first vce-col--sm-50p vce-col--sm-visible vce-col--sm-first vce-col--md-50p vce-col--md-visible vce-col--md-first vce-col--lg-33-33p vce-col--lg-visible vce-col--lg-first vce-col--xl-33-33p vce-col--xl-visible vce-col--xl-first strength-card card1\" id=\"el-ebdeb6fc\"><div class=\"vce-col-inner\" data-vce-do-apply=\"border margin background  el-ebdeb6fc\"><div class=\"vce-col-content\" data-vce-element-content=\"true\" data-vce-do-apply=\"padding el-ebdeb6fc\"><div class=\"vce-single-image-container strength-icon vce-single-image--align-left\"><div class=\"vce vce-single-image-wrapper\" id=\"el-93fd3980\" data-vce-do-apply=\"all el-93fd3980\"><figure><div class=\"vce-single-image-figure-inner\" style=\"width: 44px;\"><div class=\"vce-single-image-inner vce-single-image--absolute\" style=\"width: 100%; padding-bottom: 100%;\"><img loading=\"lazy\" decoding=\"async\" class=\"vce-single-image\"  width=\"44\" height=\"44\" src=\"https:\/\/zaytel.si\/sl\/wp-content\/uploads\/2025\/11\/service-inner.svg\" data-img-src=\"https:\/\/zaytel.si\/sl\/wp-content\/uploads\/2025\/11\/service-inner.svg\" data-attachment-id=\"535\"  alt=\"\" title=\"service-inner\" \/><\/div><\/div><figcaption hidden=\"\"><\/figcaption><\/figure><\/div><\/div><div class=\"vce-text-block card-txt\"><div class=\"vce-text-block-wrapper vce\" id=\"el-50c7b1e7\" data-vce-do-apply=\"all el-50c7b1e7\"><h4>U\u010dinkoviti marketing<\/h4><div>Ciljano ogla\u0161evanje v iskalnikih in na dru\u017ebenih omre\u017ejih za maksimalen ROI.<\/div><\/div><\/div><\/div><\/div><\/div><div class=\"vce-col vce-col--xs-100p vce-col--xs-visible vce-col--xs-last vce-col--xs-first vce-col--sm-50p vce-col--sm-visible vce-col--sm-last vce-col--md-50p vce-col--md-visible vce-col--md-last vce-col--lg-33-33p vce-col--lg-visible vce-col--xl-33-33p vce-col--xl-visible strength-card card1\" id=\"el-e8e65854\"><div class=\"vce-col-inner\" data-vce-do-apply=\"border margin background  el-e8e65854\"><div class=\"vce-col-content\" data-vce-element-content=\"true\" data-vce-do-apply=\"padding el-e8e65854\"><div class=\"vce-single-image-container strength-icon vce-single-image--align-left\"><div class=\"vce vce-single-image-wrapper\" id=\"el-c8e6037e\" data-vce-do-apply=\"all el-c8e6037e\"><figure><div class=\"vce-single-image-figure-inner\" style=\"width: 44px;\"><div class=\"vce-single-image-inner vce-single-image--absolute\" style=\"width: 100%; padding-bottom: 100%;\"><img loading=\"lazy\" decoding=\"async\" class=\"vce-single-image\"  width=\"44\" height=\"44\" src=\"https:\/\/zaytel.si\/sl\/wp-content\/uploads\/2025\/11\/Security.svg\" data-img-src=\"https:\/\/zaytel.si\/sl\/wp-content\/uploads\/2025\/11\/Security.svg\" data-attachment-id=\"541\"  alt=\"\" title=\"Security\" \/><\/div><\/div><figcaption hidden=\"\"><\/figcaption><\/figure><\/div><\/div><div class=\"vce-text-block card-txt\"><div class=\"vce-text-block-wrapper vce\" id=\"el-d2af9b7e\" data-vce-do-apply=\"all el-d2af9b7e\"><h4>&nbsp;Upravljanje dru\u017ebenih omre\u017eij<\/h4><div>ustvarjanje vsebin, vklju\u010devanje skupnosti in pozicioniranje blagovne znamke, prilagojeno posamezni platformi.<\/div><\/div><\/div><\/div><\/div><\/div><div class=\"vce-col vce-col--xs-100p vce-col--xs-visible vce-col--xs-last vce-col--xs-first vce-col--sm-50p vce-col--sm-visible vce-col--sm-first vce-col--md-50p vce-col--md-visible vce-col--md-first vce-col--lg-33-33p vce-col--lg-visible vce-col--lg-last vce-col--xl-33-33p vce-col--xl-visible vce-col--xl-last strength-card card1\" id=\"el-4233a45a\"><div class=\"vce-col-inner\" data-vce-do-apply=\"border margin background  el-4233a45a\"><div class=\"vce-col-content\" data-vce-element-content=\"true\" data-vce-do-apply=\"padding el-4233a45a\"><div class=\"vce-single-image-container strength-icon vce-single-image--align-left\"><div class=\"vce vce-single-image-wrapper\" id=\"el-e5eb2d81\" data-vce-do-apply=\"all el-e5eb2d81\"><figure><div class=\"vce-single-image-figure-inner\" style=\"width: 44px;\"><div class=\"vce-single-image-inner vce-single-image--absolute\" style=\"width: 100%; padding-bottom: 100%;\"><img loading=\"lazy\" decoding=\"async\" class=\"vce-single-image\"  width=\"44\" height=\"44\" src=\"https:\/\/zaytel.si\/sl\/wp-content\/uploads\/2025\/11\/Flexible.svg\" data-img-src=\"https:\/\/zaytel.si\/sl\/wp-content\/uploads\/2025\/11\/Flexible.svg\" data-attachment-id=\"540\"  alt=\"\" title=\"Flexible\" \/><\/div><\/div><figcaption hidden=\"\"><\/figcaption><\/figure><\/div><\/div><div class=\"vce-text-block card-txt\"><div class=\"vce-text-block-wrapper vce\" id=\"el-f7cbe836\" data-vce-do-apply=\"all el-f7cbe836\"><h4>E\u2011po\u0161tne in SMS kampanj<\/h4><div>komunikacija z visokim u\u010dinkom, ki se brezhibno integrira z ZAYTEL-ovo komunikacijsko infrastrukturo.<\/div><\/div><\/div><\/div><\/div><\/div><div class=\"vce-col vce-col--xs-100p vce-col--xs-visible vce-col--xs-last vce-col--xs-first vce-col--sm-50p vce-col--sm-visible vce-col--sm-last vce-col--md-50p vce-col--md-visible vce-col--md-last vce-col--lg-33-33p vce-col--lg-visible vce-col--lg-first vce-col--xl-33-33p vce-col--xl-visible vce-col--xl-first strength-card card1\" id=\"el-553c6afa\"><div class=\"vce-col-inner\" data-vce-do-apply=\"border margin background  el-553c6afa\"><div class=\"vce-col-content\" data-vce-element-content=\"true\" data-vce-do-apply=\"padding el-553c6afa\"><div class=\"vce-single-image-container strength-icon vce-single-image--align-left\"><div class=\"vce vce-single-image-wrapper\" id=\"el-611ddc54\" data-vce-do-apply=\"all el-611ddc54\"><figure><div class=\"vce-single-image-figure-inner\" style=\"width: 44px;\"><div class=\"vce-single-image-inner vce-single-image--absolute\" style=\"width: 100%; padding-bottom: 100%;\"><img loading=\"lazy\" decoding=\"async\" class=\"vce-single-image\"  width=\"44\" height=\"44\" src=\"https:\/\/zaytel.si\/sl\/wp-content\/uploads\/2025\/11\/Scalable.svg\" data-img-src=\"https:\/\/zaytel.si\/sl\/wp-content\/uploads\/2025\/11\/Scalable.svg\" data-attachment-id=\"542\"  alt=\"\" title=\"Scalable\" \/><\/div><\/div><figcaption hidden=\"\"><\/figcaption><\/figure><\/div><\/div><div class=\"vce-text-block card-txt\"><div class=\"vce-text-block-wrapper vce\" id=\"el-ee7c4180\" data-vce-do-apply=\"all el-ee7c4180\"><h4>&nbsp;Analitika in poro\u010danje<\/h4><div>&nbsp;vpogledi, ki omogo\u010dajo bolj\u0161e odlo\u010danje ter razkrivajo resni\u010dno vedenje strank in u\u010dinkovitost kampanj.<\/div><\/div><\/div><\/div><\/div><\/div><div class=\"vce-col vce-col--xs-100p vce-col--xs-visible vce-col--xs-last vce-col--xs-first vce-col--sm-50p vce-col--sm-visible vce-col--sm-last vce-col--sm-first vce-col--md-50p vce-col--md-visible vce-col--md-last vce-col--md-first vce-col--lg-33-33p vce-col--lg-visible vce-col--lg-last vce-col--xl-33-33p vce-col--xl-visible vce-col--xl-last strength-card card1\" id=\"el-1b50cf83\"><div class=\"vce-col-inner\" data-vce-do-apply=\"border margin background  el-1b50cf83\"><div class=\"vce-col-content\" data-vce-element-content=\"true\" data-vce-do-apply=\"padding el-1b50cf83\"><div class=\"vce-single-image-container strength-icon vce-single-image--align-left\"><div class=\"vce vce-single-image-wrapper\" id=\"el-31300d91\" data-vce-do-apply=\"all el-31300d91\"><figure><div class=\"vce-single-image-figure-inner\" style=\"width: 44px;\"><div class=\"vce-single-image-inner vce-single-image--absolute\" style=\"width: 100%; padding-bottom: 100%;\"><img loading=\"lazy\" decoding=\"async\" class=\"vce-single-image\"  width=\"44\" height=\"44\" src=\"https:\/\/zaytel.si\/sl\/wp-content\/uploads\/2025\/11\/service-inner.svg\" data-img-src=\"https:\/\/zaytel.si\/sl\/wp-content\/uploads\/2025\/11\/service-inner.svg\" data-attachment-id=\"535\"  alt=\"\" title=\"service-inner\" \/><\/div><\/div><figcaption hidden=\"\"><\/figcaption><\/figure><\/div><\/div><div class=\"vce-text-block card-txt\"><div class=\"vce-text-block-wrapper vce\" id=\"el-e6edbd4c\" data-vce-do-apply=\"all el-e6edbd4c\"><h4>&nbsp;Strategija blagovne znamke in kreativno vodenje<\/h4><div>od razvoja identitete do konceptov kampanj; pomagamo oblikovati blagovne znamke, ki izstopajo.<\/div><\/div><\/div><\/div><\/div><\/div><\/div><\/div><\/div><\/div><\/div><\/div><div class=\"vce-col vce-col--md-100p vce-col--xs-1 vce-col--xs-last vce-col--xs-first vce-col--sm-last vce-col--sm-first vce-col--md-last vce-col--lg-last vce-col--xl-last vce-col--md-first vce-col--lg-first vce-col--xl-first\" id=\"el-dc857a80\"><div class=\"vce-col-inner\" data-vce-do-apply=\"border margin background  el-dc857a80\"><div class=\"vce-col-content\" data-vce-element-content=\"true\" data-vce-do-apply=\"padding el-dc857a80\"><div class=\"vce-text-block\"><div class=\"vce-text-block-wrapper vce\" id=\"el-e1132017\" data-vce-do-apply=\"all el-e1132017\"><div style=\"text-align: left;\">&nbsp;Ne glede na to, ali lansirate nov izdelek, se \u0161irite globalno ali optimizirate svojo digitalno prisotnost, ZAYTEL-ove storitve digitalnega marketinga zagotavljajo strategijo in orodja za pospe\u0161itev va\u0161e rasti.<\/div><\/div><\/div><\/div><\/div><\/div><\/div><\/div><\/div>\n","protected":false},"excerpt":{"rendered":"<p>Storitve digitalnega marketingaZAYTEL podpira podjetja tudi onkraj povezljivosti s celovitimi storitvami digitalnega marketinga, zasnovanimi za ve\u010djo prepoznavnost, mo\u010dnej\u0161o vklju\u010denost strank in merljivo rast. Na\u0161a ekipa zdru\u017euje strategijo, vodeno s podatki, in kreativno izvedbo, da blagovnim znamkam pomaga dose\u010di prave ob\u010dinstva na globalnih trgih.Kontaktirajte strokovnjakaRazi\u0161\u010dite na\u0161e storitveNa\u0161e omre\u017eje je optimizirano za nizko zakasnitev in visoko razpolo\u017eljivost, &hellip; <\/p>\n<p class=\"link-more\"><a href=\"https:\/\/zaytel.si\/sl\/digital-marketing-services\/\" class=\"more-link\">Preberi ve\u010d<span class=\"screen-reader-text\"> &#8220;Digital Marketing Services&#8221;<\/span><\/a><\/p>\n","protected":false},"author":2,"featured_media":0,"parent":0,"menu_order":0,"comment_status":"closed","ping_status":"closed","template":"","meta":{"inline_featured_image":false,"footnotes":""},"class_list":["post-1307","page","type-page","status-publish","hentry"],"_links":{"self":[{"href":"https:\/\/zaytel.si\/sl\/wp-json\/wp\/v2\/pages\/1307","targetHints":{"allow":["GET"]}}],"collection":[{"href":"https:\/\/zaytel.si\/sl\/wp-json\/wp\/v2\/pages"}],"about":[{"href":"https:\/\/zaytel.si\/sl\/wp-json\/wp\/v2\/types\/page"}],"author":[{"embeddable":true,"href":"https:\/\/zaytel.si\/sl\/wp-json\/wp\/v2\/users\/2"}],"replies":[{"embeddable":true,"href":"https:\/\/zaytel.si\/sl\/wp-json\/wp\/v2\/comments?post=1307"}],"version-history":[{"count":2,"href":"https:\/\/zaytel.si\/sl\/wp-json\/wp\/v2\/pages\/1307\/revisions"}],"predecessor-version":[{"id":1618,"href":"https:\/\/zaytel.si\/sl\/wp-json\/wp\/v2\/pages\/1307\/revisions\/1618"}],"wp:attachment":[{"href":"https:\/\/zaytel.si\/sl\/wp-json\/wp\/v2\/media?parent=1307"}],"curies":[{"name":"wp","href":"https:\/\/api.w.org\/{rel}","templated":true}]}}