{"id":1167,"date":"2025-12-08T08:12:34","date_gmt":"2025-12-08T08:12:34","guid":{"rendered":"https:\/\/zaytel.si\/sl\/?page_id=1167"},"modified":"2025-12-29T05:11:38","modified_gmt":"2025-12-29T05:11:38","slug":"travel-and-hospitality","status":"publish","type":"page","link":"https:\/\/zaytel.si\/sl\/travel-and-hospitality\/","title":{"rendered":"Travel-and-Hospitality"},"content":{"rendered":"<div class=\"vce-row-container\"><div class=\"vce-row vce-row--col-gap-0 solution-banner side-space banner-height section-height vce-row-equal-height vce-row-content--middle\" data-vce-full-width=\"true\" data-vce-stretch-content=\"true\" id=\"el-d9da15d2\" data-vce-do-apply=\"all el-d9da15d2\"><div class=\"vce-content-background-container\"><\/div><div class=\"vce-row-content\" data-vce-element-content=\"true\"><div class=\"vce-col vce-col--xs-100p vce-col--xs-visible vce-col--xs-last vce-col--xs-first vce-col--sm-100p vce-col--sm-visible vce-col--sm-last vce-col--sm-first vce-col--md-16p vce-col--md-visible vce-col--md-first vce-col--lg-20p vce-col--lg-visible vce-col--lg-first vce-col--xl-20p vce-col--xl-visible vce-col--xl-first about-col-1\" id=\"el-a19f112e\"><div class=\"vce-col-inner\" data-vce-do-apply=\"border margin background  el-a19f112e\"><div class=\"vce-content-background-container\"><\/div><div class=\"vce-col-content\" data-vce-element-content=\"true\" data-vce-do-apply=\"padding el-a19f112e\"><div class=\"vcv-row-control-wrapper\"><\/div><\/div><\/div><\/div><div class=\"vce-col vce-col--xs-100p vce-col--xs-visible vce-col--xs-last vce-col--xs-first vce-col--sm-100p vce-col--sm-visible vce-col--sm-last vce-col--sm-first vce-col--md-68p vce-col--md-visible vce-col--lg-60p vce-col--lg-visible vce-col--xl-60p vce-col--xl-visible solution-heading\" id=\"el-aa6a7845\"><div class=\"vce-col-inner\" data-vce-do-apply=\"border margin background  el-aa6a7845\"><div class=\"vce-col-content\" data-vce-element-content=\"true\" data-vce-do-apply=\"padding el-aa6a7845\"><div class=\"vce-text-block heading\"><div class=\"vce-text-block-wrapper vce\" id=\"el-d53b26e9\" data-vce-do-apply=\"all el-d53b26e9\"><h2 style=\"text-align: center;\">Potovanja in gostinstvo<\/h2>\n<h4 style=\"text-align: center;\">Kontekst panoge in izzivi<\/h4>\n<p style=\"text-align: center;\">Operaterji potovanj (letalske dru\u017ebe, hoteli, letovi\u0161\u010da, ponudniki izletov) in hotelske verige potrebujejo povezljivost v realnem \u010dasu, globalno pokritost, orodja za anga\u017eiranje strank ter personalizacijo po razli\u010dnih regijah. Njihovi uporabniki se pogosto gibljejo \u010dez meje in pri\u010dakujejo dosledno storitev.<\/p>\n<\/div><\/div><\/div><\/div><\/div><div class=\"vce-col vce-col--xs-100p vce-col--xs-visible vce-col--xs-last vce-col--xs-first vce-col--sm-100p vce-col--sm-visible vce-col--sm-last vce-col--sm-first vce-col--md-16p vce-col--md-visible vce-col--md-last vce-col--lg-20p vce-col--lg-visible vce-col--lg-last vce-col--xl-20p vce-col--xl-visible vce-col--xl-last about-col-3\" id=\"el-f5956618\"><div class=\"vce-col-inner\" data-vce-do-apply=\"border margin background  el-f5956618\"><div class=\"vce-content-background-container\"><\/div><div class=\"vce-col-content\" data-vce-element-content=\"true\" data-vce-do-apply=\"padding el-f5956618\"><div class=\"vcv-row-control-wrapper\"><\/div><\/div><\/div><\/div><\/div><\/div><\/div><div class=\"vce-row-container\"><div class=\"vce-row vce-row--col-gap-30 side-space Key-Strengths-row tb-space vce-row-equal-height vce-row-content--middle\" data-vce-full-width=\"true\" data-vce-stretch-content=\"true\" id=\"el-034b2dbd\" data-vce-do-apply=\"all el-034b2dbd\"><div class=\"vce-row-content\" data-vce-element-content=\"true\"><div class=\"vce-col vce-col--md-100p vce-col--xs-1 vce-col--xs-last vce-col--xs-first vce-col--sm-last vce-col--sm-first vce-col--md-last vce-col--lg-last vce-col--xl-last vce-col--md-first vce-col--lg-first vce-col--xl-first key-heading-col\" id=\"el-5d4b6e83\"><div class=\"vce-col-inner\" data-vce-do-apply=\"border margin background  el-5d4b6e83\"><div class=\"vce-col-content\" data-vce-element-content=\"true\" data-vce-do-apply=\"padding el-5d4b6e83\"><div class=\"vce-text-block key-heading\"><div class=\"vce-text-block-wrapper vce\" id=\"el-55e9ab07\" data-vce-do-apply=\"all el-55e9ab07\"><h3 style=\"text-align: center;\">Kako ZAYTEL pomaga<\/h3>\n<\/div><\/div><\/div><\/div><\/div><div class=\"vce-col vce-col--md-100p vce-col--xs-1 vce-col--xs-last vce-col--xs-first vce-col--sm-last vce-col--sm-first vce-col--md-last vce-col--lg-last vce-col--xl-last vce-col--md-first vce-col--lg-first vce-col--xl-first strength-cards-col\" id=\"el-02d7b43a\"><div class=\"vce-col-inner\" data-vce-do-apply=\"border margin background  el-02d7b43a\"><div class=\"vce-col-content\" data-vce-element-content=\"true\" data-vce-do-apply=\"padding el-02d7b43a\"><div class=\"vce-row-container\" data-vce-boxed-width=\"true\"><div class=\"vce-row vce-row--col-gap-25 strength-cards-row vce-row-equal-height vce-row-content--top\" id=\"el-eaa767ff\" data-vce-do-apply=\"all el-eaa767ff\"><div class=\"vce-row-content\" data-vce-element-content=\"true\"><div class=\"vce-col vce-col--xs-100p vce-col--xs-visible vce-col--xs-last vce-col--xs-first vce-col--sm-50p vce-col--sm-visible vce-col--sm-first vce-col--md-50p vce-col--md-visible vce-col--md-first vce-col--lg-33-33p vce-col--lg-visible vce-col--lg-first vce-col--xl-33-33p vce-col--xl-visible vce-col--xl-first strength-card card1\" id=\"el-1b50cf83\"><div class=\"vce-col-inner\" data-vce-do-apply=\"border margin background  el-1b50cf83\"><div class=\"vce-col-content\" data-vce-element-content=\"true\" data-vce-do-apply=\"padding el-1b50cf83\"><div class=\"vce-single-image-container strength-icon vce-single-image--align-left\"><div class=\"vce vce-single-image-wrapper\" id=\"el-31300d91\" data-vce-do-apply=\"all el-31300d91\"><figure><div class=\"vce-single-image-figure-inner\" style=\"width: 44px;\"><div class=\"vce-single-image-inner vce-single-image--absolute\" style=\"width: 100%; padding-bottom: 100%;\"><img loading=\"lazy\" decoding=\"async\" class=\"vce-single-image\"  width=\"44\" height=\"44\" src=\"https:\/\/zaytel.si\/sl\/wp-content\/uploads\/2025\/11\/service-inner.svg\" data-img-src=\"https:\/\/zaytel.si\/sl\/wp-content\/uploads\/2025\/11\/service-inner.svg\" data-attachment-id=\"535\"  alt=\"\" title=\"service-inner\" \/><\/div><\/div><figcaption hidden=\"\"><\/figcaption><\/figure><\/div><\/div><div class=\"vce-text-block card-txt\"><div class=\"vce-text-block-wrapper vce\" id=\"el-e6edbd4c\" data-vce-do-apply=\"all el-e6edbd4c\"><h4>Globalni roaming in eSIM<\/h4>\n<p>Stranke ostanejo povezane brez te\u017eav z lokalnimi SIM-i \u2014 eSIM profili ali roaming paketi omogo\u010dajo brezhibno uporabo na razli\u010dnih destinacijah.<\/p>\n<\/div><\/div><\/div><\/div><\/div><div class=\"vce-col vce-col--xs-100p vce-col--xs-visible vce-col--xs-last vce-col--xs-first vce-col--sm-50p vce-col--sm-visible vce-col--sm-last vce-col--md-50p vce-col--md-visible vce-col--md-last vce-col--lg-33-33p vce-col--lg-visible vce-col--xl-33-33p vce-col--xl-visible strength-card card1\" id=\"el-08f2206c\"><div class=\"vce-col-inner\" data-vce-do-apply=\"border margin background  el-08f2206c\"><div class=\"vce-col-content\" data-vce-element-content=\"true\" data-vce-do-apply=\"padding el-08f2206c\"><div class=\"vce-single-image-container strength-icon vce-single-image--align-left\"><div class=\"vce vce-single-image-wrapper\" id=\"el-e9c07c43\" data-vce-do-apply=\"all el-e9c07c43\"><figure><div class=\"vce-single-image-figure-inner\" style=\"width: 44px;\"><div class=\"vce-single-image-inner vce-single-image--absolute\" style=\"width: 100%; padding-bottom: 100%;\"><img loading=\"lazy\" decoding=\"async\" class=\"vce-single-image\"  width=\"44\" height=\"44\" src=\"https:\/\/zaytel.si\/sl\/wp-content\/uploads\/2025\/11\/Security.svg\" data-img-src=\"https:\/\/zaytel.si\/sl\/wp-content\/uploads\/2025\/11\/Security.svg\" data-attachment-id=\"541\"  alt=\"\" title=\"Security\" \/><\/div><\/div><figcaption hidden=\"\"><\/figcaption><\/figure><\/div><\/div><div class=\"vce-text-block card-txt\"><div class=\"vce-text-block-wrapper vce\" id=\"el-aabc4673\" data-vce-do-apply=\"all el-aabc4673\"><h4>Sporo\u010dila in obvestila, ki temeljijo na lokaciji<\/h4>\n<p>Uporabite SMS ali potisna obvestila (npr. zamude letov, obvestila o prijavi, spremembe vrat, lokalne ponudbe) povezane z geolokacijo.<\/p>\n<\/div><\/div><\/div><\/div><\/div><div class=\"vce-col vce-col--xs-100p vce-col--xs-visible vce-col--xs-last vce-col--xs-first vce-col--sm-50p vce-col--sm-visible vce-col--sm-first vce-col--md-50p vce-col--md-visible vce-col--md-first vce-col--lg-33-33p vce-col--lg-visible vce-col--lg-last vce-col--xl-33-33p vce-col--xl-visible vce-col--xl-last strength-card card1\" id=\"el-e1d544cf\"><div class=\"vce-col-inner\" data-vce-do-apply=\"border margin background  el-e1d544cf\"><div class=\"vce-col-content\" data-vce-element-content=\"true\" data-vce-do-apply=\"padding el-e1d544cf\"><div class=\"vce-single-image-container strength-icon vce-single-image--align-left\"><div class=\"vce vce-single-image-wrapper\" id=\"el-40ca5c81\" data-vce-do-apply=\"all el-40ca5c81\"><figure><div class=\"vce-single-image-figure-inner\" style=\"width: 44px;\"><div class=\"vce-single-image-inner vce-single-image--absolute\" style=\"width: 100%; padding-bottom: 100%;\"><img loading=\"lazy\" decoding=\"async\" class=\"vce-single-image\"  width=\"44\" height=\"44\" src=\"https:\/\/zaytel.si\/sl\/wp-content\/uploads\/2025\/11\/Flexible.svg\" data-img-src=\"https:\/\/zaytel.si\/sl\/wp-content\/uploads\/2025\/11\/Flexible.svg\" data-attachment-id=\"540\"  alt=\"\" title=\"Flexible\" \/><\/div><\/div><figcaption hidden=\"\"><\/figcaption><\/figure><\/div><\/div><div class=\"vce-text-block card-txt\"><div class=\"vce-text-block-wrapper vce\" id=\"el-a33d3851\" data-vce-do-apply=\"all el-a33d3851\"><h4>Kontaktni center v oblaku in IVR<\/h4>\n<p>Vzpostavite ve\u010djezi\u010dno glasovno in klepetalno podporo 24\/7, podprto z inteligentnim usmerjanjem in analitiko.<\/p>\n<\/div><\/div><\/div><\/div><\/div><div class=\"vce-col vce-col--xs-100p vce-col--xs-visible vce-col--xs-last vce-col--xs-first vce-col--sm-50p vce-col--sm-visible vce-col--sm-last vce-col--md-50p vce-col--md-visible vce-col--md-last vce-col--lg-33-33p vce-col--lg-visible vce-col--lg-first vce-col--xl-33-33p vce-col--xl-visible vce-col--xl-first strength-card card1\" id=\"el-c42fa3c5\"><div class=\"vce-col-inner\" data-vce-do-apply=\"border margin background  el-c42fa3c5\"><div class=\"vce-col-content\" data-vce-element-content=\"true\" data-vce-do-apply=\"padding el-c42fa3c5\"><div class=\"vce-single-image-container strength-icon vce-single-image--align-left\"><div class=\"vce vce-single-image-wrapper\" id=\"el-795fe8ce\" data-vce-do-apply=\"all el-795fe8ce\"><figure><div class=\"vce-single-image-figure-inner\" style=\"width: 44px;\"><div class=\"vce-single-image-inner vce-single-image--absolute\" style=\"width: 100%; padding-bottom: 100%;\"><img loading=\"lazy\" decoding=\"async\" class=\"vce-single-image\"  width=\"44\" height=\"44\" src=\"https:\/\/zaytel.si\/sl\/wp-content\/uploads\/2025\/11\/Scalable.svg\" data-img-src=\"https:\/\/zaytel.si\/sl\/wp-content\/uploads\/2025\/11\/Scalable.svg\" data-attachment-id=\"542\"  alt=\"\" title=\"Scalable\" \/><\/div><\/div><figcaption hidden=\"\"><\/figcaption><\/figure><\/div><\/div><div class=\"vce-text-block card-txt\"><div class=\"vce-text-block-wrapper vce\" id=\"el-541ed772\" data-vce-do-apply=\"all el-541ed772\"><h4>Prenosni Wi-Fi za goste in osebje<\/h4>\n<p>Ponudite zasebne Wi-Fi naprave gostom za zanesljivo povezljivost tudi na oddaljenih lokacijah ali v velikih prostorih.<\/p><\/div><\/div><\/div><\/div><\/div><div class=\"vce-col vce-col--xs-100p vce-col--xs-visible vce-col--xs-last vce-col--xs-first vce-col--sm-50p vce-col--sm-visible vce-col--sm-last vce-col--sm-first vce-col--md-50p vce-col--md-visible vce-col--md-last vce-col--md-first vce-col--lg-33-33p vce-col--lg-visible vce-col--lg-last vce-col--xl-33-33p vce-col--xl-visible vce-col--xl-last strength-card card1\" id=\"el-c0fd424e\"><div class=\"vce-col-inner\" data-vce-do-apply=\"border margin background  el-c0fd424e\"><div class=\"vce-col-content\" data-vce-element-content=\"true\" data-vce-do-apply=\"padding el-c0fd424e\"><div class=\"vce-single-image-container strength-icon vce-single-image--align-left\"><div class=\"vce vce-single-image-wrapper\" id=\"el-d971a034\" data-vce-do-apply=\"all el-d971a034\"><figure><div class=\"vce-single-image-figure-inner\" style=\"width: 44px;\"><div class=\"vce-single-image-inner vce-single-image--absolute\" style=\"width: 100%; padding-bottom: 100%;\"><img loading=\"lazy\" decoding=\"async\" class=\"vce-single-image\"  width=\"44\" height=\"44\" src=\"https:\/\/zaytel.si\/sl\/wp-content\/uploads\/2025\/11\/service-inner.svg\" data-img-src=\"https:\/\/zaytel.si\/sl\/wp-content\/uploads\/2025\/11\/service-inner.svg\" data-attachment-id=\"535\"  alt=\"\" title=\"service-inner\" \/><\/div><\/div><figcaption hidden=\"\"><\/figcaption><\/figure><\/div><\/div><div class=\"vce-text-block card-txt\"><div class=\"vce-text-block-wrapper vce\" id=\"el-724edbc5\" data-vce-do-apply=\"all el-724edbc5\"><h4>Operativna povezljivost<\/h4>\n<p>Uporabite IoT in omre\u017ene naprave po vseh objektih (npr. pametne sobe, senzorji, mobilna orodja za osebje) v okviru enotnega omre\u017eja.<\/p>\n<\/div><\/div><\/div><\/div><\/div><\/div><\/div><\/div><\/div><\/div><\/div><\/div><\/div><\/div><div class=\"vce-row-container\"><div class=\"vce-row vce-row--col-gap-30 side-space b-space typical-clients-row vce-row-equal-height vce-row-content--top\" data-vce-full-width=\"true\" data-vce-stretch-content=\"true\" id=\"el-605e67f5\" data-vce-do-apply=\"all el-605e67f5\"><div class=\"vce-row-content\" data-vce-element-content=\"true\"><div class=\"vce-col vce-col--md-100p vce-col--xs-1 vce-col--xs-last vce-col--xs-first vce-col--sm-last vce-col--sm-first vce-col--md-last vce-col--lg-last vce-col--xl-last vce-col--md-first vce-col--lg-first vce-col--xl-first\" id=\"el-f9e4d823\"><div class=\"vce-col-inner\" data-vce-do-apply=\"border margin background  el-f9e4d823\"><div class=\"vce-col-content\" data-vce-element-content=\"true\" data-vce-do-apply=\"padding el-f9e4d823\"><div class=\"vce-text-block typical-heading\"><div class=\"vce-text-block-wrapper vce\" id=\"el-6e1cb389\" data-vce-do-apply=\"all el-6e1cb389\"><h3 style=\"text-align: center;\">Tipi\u010dni primeri uporabe<\/h3>\n<\/div><\/div><\/div><\/div><\/div><div class=\"vce-col vce-col--md-100p vce-col--xs-1 vce-col--xs-last vce-col--xs-first vce-col--sm-last vce-col--sm-first vce-col--md-last vce-col--lg-last vce-col--xl-last vce-col--md-first vce-col--lg-first vce-col--xl-first\" id=\"el-fd4c70b5\"><div class=\"vce-col-inner\" data-vce-do-apply=\"border margin background  el-fd4c70b5\"><div class=\"vce-col-content\" data-vce-element-content=\"true\" data-vce-do-apply=\"padding el-fd4c70b5\"><div class=\"vce-row-container\" data-vce-boxed-width=\"true\"><div class=\"vce-row vce-row--col-gap-16 cards-row vce-row-equal-height vce-row-content--top\" id=\"el-ddb2e0c3\" data-vce-do-apply=\"all el-ddb2e0c3\"><div class=\"vce-row-content\" data-vce-element-content=\"true\"><div class=\"vce-col vce-col--xs-100p vce-col--xs-visible vce-col--xs-last vce-col--xs-first vce-col--sm-50p vce-col--sm-visible vce-col--sm-first vce-col--md-50p vce-col--md-visible vce-col--md-first vce-col--lg-33-33p vce-col--lg-visible vce-col--lg-first vce-col--xl-33-33p vce-col--xl-visible vce-col--xl-first typical-card\" id=\"el-a88c85f5\"><div class=\"vce-col-inner\" data-vce-do-apply=\"border margin background  el-a88c85f5\"><div class=\"vce-col-content\" data-vce-element-content=\"true\" data-vce-do-apply=\"padding el-a88c85f5\"><div class=\"vce-single-image-container vce-single-image--align-left\"><div class=\"vce vce-single-image-wrapper\" id=\"el-24401506\" data-vce-do-apply=\"all el-24401506\"><figure><div class=\"vce-single-image-figure-inner\" style=\"width: 38px;\"><div class=\"vce-single-image-inner vce-single-image--absolute\" style=\"width: 100%; padding-bottom: 100%;\"><img loading=\"lazy\" decoding=\"async\" class=\"vce-single-image\"  width=\"38\" height=\"38\" src=\"https:\/\/zaytel.si\/sl\/wp-content\/uploads\/2025\/11\/typical-icon.svg\" data-img-src=\"https:\/\/zaytel.si\/sl\/wp-content\/uploads\/2025\/11\/typical-icon.svg\" data-attachment-id=\"577\"  alt=\"\" title=\"typical-icon\" \/><\/div><\/div><figcaption hidden=\"\"><\/figcaption><\/figure><\/div><\/div><div class=\"vce-text-block card-txt\"><div class=\"vce-text-block-wrapper vce\" id=\"el-ff2374e4\" data-vce-do-apply=\"all el-ff2374e4\"><h4>Paketi povezljivosti pred potovanjem (eSIM, roaming paketi)<\/h4>\n<\/div><\/div><\/div><\/div><\/div><div class=\"vce-col vce-col--xs-100p vce-col--xs-visible vce-col--xs-last vce-col--xs-first vce-col--sm-50p vce-col--sm-visible vce-col--sm-last vce-col--md-50p vce-col--md-visible vce-col--md-last vce-col--lg-33-33p vce-col--lg-visible vce-col--xl-33-33p vce-col--xl-visible typical-card\" id=\"el-11c7368e\"><div class=\"vce-col-inner\" data-vce-do-apply=\"border margin background  el-11c7368e\"><div class=\"vce-col-content\" data-vce-element-content=\"true\" data-vce-do-apply=\"padding el-11c7368e\"><div class=\"vce-single-image-container vce-single-image--align-left\"><div class=\"vce vce-single-image-wrapper\" id=\"el-71d89c7f\" data-vce-do-apply=\"all el-71d89c7f\"><figure><div class=\"vce-single-image-figure-inner\" style=\"width: 38px;\"><div class=\"vce-single-image-inner vce-single-image--absolute\" style=\"width: 100%; padding-bottom: 100%;\"><img loading=\"lazy\" decoding=\"async\" class=\"vce-single-image\"  width=\"38\" height=\"38\" src=\"https:\/\/zaytel.si\/sl\/wp-content\/uploads\/2025\/11\/typical-icon.svg\" data-img-src=\"https:\/\/zaytel.si\/sl\/wp-content\/uploads\/2025\/11\/typical-icon.svg\" data-attachment-id=\"577\"  alt=\"\" title=\"typical-icon\" \/><\/div><\/div><figcaption hidden=\"\"><\/figcaption><\/figure><\/div><\/div><div class=\"vce-text-block card-txt\"><div class=\"vce-text-block-wrapper vce\" id=\"el-cc6bdd73\" data-vce-do-apply=\"all el-cc6bdd73\"><h4>SMS obvestila: status leta, potrdila o rezervacijah, lokalni vodi\u010di, promocije<\/h4>\n<\/div><\/div><\/div><\/div><\/div><div class=\"vce-col vce-col--xs-100p vce-col--xs-visible vce-col--xs-last vce-col--xs-first vce-col--sm-50p vce-col--sm-visible vce-col--sm-first vce-col--md-50p vce-col--md-visible vce-col--md-first vce-col--lg-33-33p vce-col--lg-visible vce-col--lg-last vce-col--xl-33-33p vce-col--xl-visible vce-col--xl-last typical-card\" id=\"el-f28611a7\"><div class=\"vce-col-inner\" data-vce-do-apply=\"border margin background  el-f28611a7\"><div class=\"vce-col-content\" data-vce-element-content=\"true\" data-vce-do-apply=\"padding el-f28611a7\"><div class=\"vce-single-image-container vce-single-image--align-left\"><div class=\"vce vce-single-image-wrapper\" id=\"el-cd7b1dde\" data-vce-do-apply=\"all el-cd7b1dde\"><figure><div class=\"vce-single-image-figure-inner\" style=\"width: 38px;\"><div class=\"vce-single-image-inner vce-single-image--absolute\" style=\"width: 100%; padding-bottom: 100%;\"><img loading=\"lazy\" decoding=\"async\" class=\"vce-single-image\"  width=\"38\" height=\"38\" src=\"https:\/\/zaytel.si\/sl\/wp-content\/uploads\/2025\/11\/typical-icon.svg\" data-img-src=\"https:\/\/zaytel.si\/sl\/wp-content\/uploads\/2025\/11\/typical-icon.svg\" data-attachment-id=\"577\"  alt=\"\" title=\"typical-icon\" \/><\/div><\/div><figcaption hidden=\"\"><\/figcaption><\/figure><\/div><\/div><div class=\"vce-text-block card-txt\"><div class=\"vce-text-block-wrapper vce\" id=\"el-62b7c2d5\" data-vce-do-apply=\"all el-62b7c2d5\"><h4>Gostinski Wi-Fi na lokaciji prek prenosnih naprav<\/h4>\n<\/div><\/div><\/div><\/div><\/div><div class=\"vce-col vce-col--xs-100p vce-col--xs-visible vce-col--xs-last vce-col--xs-first vce-col--sm-50p vce-col--sm-visible vce-col--sm-last vce-col--md-50p vce-col--md-visible vce-col--md-last vce-col--lg-33-33p vce-col--lg-visible vce-col--lg-first vce-col--xl-33-33p vce-col--xl-visible vce-col--xl-first typical-card\" id=\"el-58521589\"><div class=\"vce-col-inner\" data-vce-do-apply=\"border margin background  el-58521589\"><div class=\"vce-col-content\" data-vce-element-content=\"true\" data-vce-do-apply=\"padding el-58521589\"><div class=\"vce-single-image-container vce-single-image--align-left\"><div class=\"vce vce-single-image-wrapper\" id=\"el-a7733247\" data-vce-do-apply=\"all el-a7733247\"><figure><div class=\"vce-single-image-figure-inner\" style=\"width: 38px;\"><div class=\"vce-single-image-inner vce-single-image--absolute\" style=\"width: 100%; padding-bottom: 100%;\"><img loading=\"lazy\" decoding=\"async\" class=\"vce-single-image\"  width=\"38\" height=\"38\" src=\"https:\/\/zaytel.si\/sl\/wp-content\/uploads\/2025\/11\/typical-icon.svg\" data-img-src=\"https:\/\/zaytel.si\/sl\/wp-content\/uploads\/2025\/11\/typical-icon.svg\" data-attachment-id=\"577\"  alt=\"\" title=\"typical-icon\" \/><\/div><\/div><figcaption hidden=\"\"><\/figcaption><\/figure><\/div><\/div><div class=\"vce-text-block card-txt\"><div class=\"vce-text-block-wrapper vce\" id=\"el-d70edeb3\" data-vce-do-apply=\"all el-d70edeb3\"><h4>Center za podporo s svetovno glasovno in klepetalno povezljivostjo<\/h4>\n<\/div><\/div><\/div><\/div><\/div><div class=\"vce-col vce-col--xs-100p vce-col--xs-visible vce-col--xs-last vce-col--xs-first vce-col--sm-50p vce-col--sm-visible vce-col--sm-last vce-col--sm-first vce-col--md-50p vce-col--md-visible vce-col--md-last vce-col--md-first vce-col--lg-33-33p vce-col--lg-visible vce-col--lg-last vce-col--xl-33-33p vce-col--xl-visible vce-col--xl-last typical-card\" id=\"el-26c4715a\"><div class=\"vce-col-inner\" data-vce-do-apply=\"border margin background  el-26c4715a\"><div class=\"vce-col-content\" data-vce-element-content=\"true\" data-vce-do-apply=\"padding el-26c4715a\"><div class=\"vce-single-image-container vce-single-image--align-left\"><div class=\"vce vce-single-image-wrapper\" id=\"el-4a6f679e\" data-vce-do-apply=\"all el-4a6f679e\"><figure><div class=\"vce-single-image-figure-inner\" style=\"width: 38px;\"><div class=\"vce-single-image-inner vce-single-image--absolute\" style=\"width: 100%; padding-bottom: 100%;\"><img loading=\"lazy\" decoding=\"async\" class=\"vce-single-image\"  width=\"38\" height=\"38\" src=\"https:\/\/zaytel.si\/sl\/wp-content\/uploads\/2025\/11\/typical-icon.svg\" data-img-src=\"https:\/\/zaytel.si\/sl\/wp-content\/uploads\/2025\/11\/typical-icon.svg\" data-attachment-id=\"577\"  alt=\"\" title=\"typical-icon\" \/><\/div><\/div><figcaption hidden=\"\"><\/figcaption><\/figure><\/div><\/div><div class=\"vce-text-block card-txt\"><div class=\"vce-text-block-wrapper vce\" id=\"el-5fda0835\" data-vce-do-apply=\"all el-5fda0835\"><h4>Notranja omre\u017ena povezljivost med hoteli in napravami osebja<\/h4>\n<\/div><\/div><\/div><\/div><\/div><\/div><\/div><\/div><\/div><\/div><\/div><\/div><\/div><\/div>","protected":false},"excerpt":{"rendered":"<p>Potovanja in gostinstvo Kontekst panoge in izzivi Operaterji potovanj (letalske dru\u017ebe, hoteli, letovi\u0161\u010da, ponudniki izletov) in hotelske verige potrebujejo povezljivost v realnem \u010dasu, globalno pokritost, orodja za anga\u017eiranje strank ter personalizacijo po razli\u010dnih regijah. Njihovi uporabniki se pogosto gibljejo \u010dez meje in pri\u010dakujejo dosledno storitev. Kako ZAYTEL pomaga Globalni roaming in eSIM Stranke ostanejo povezane &hellip; <\/p>\n<p class=\"link-more\"><a href=\"https:\/\/zaytel.si\/sl\/travel-and-hospitality\/\" class=\"more-link\">Preberi ve\u010d<span class=\"screen-reader-text\"> &#8220;Travel-and-Hospitality&#8221;<\/span><\/a><\/p>\n","protected":false},"author":2,"featured_media":0,"parent":0,"menu_order":0,"comment_status":"closed","ping_status":"closed","template":"","meta":{"inline_featured_image":false,"footnotes":""},"class_list":["post-1167","page","type-page","status-publish","hentry"],"_links":{"self":[{"href":"https:\/\/zaytel.si\/sl\/wp-json\/wp\/v2\/pages\/1167","targetHints":{"allow":["GET"]}}],"collection":[{"href":"https:\/\/zaytel.si\/sl\/wp-json\/wp\/v2\/pages"}],"about":[{"href":"https:\/\/zaytel.si\/sl\/wp-json\/wp\/v2\/types\/page"}],"author":[{"embeddable":true,"href":"https:\/\/zaytel.si\/sl\/wp-json\/wp\/v2\/users\/2"}],"replies":[{"embeddable":true,"href":"https:\/\/zaytel.si\/sl\/wp-json\/wp\/v2\/comments?post=1167"}],"version-history":[{"count":2,"href":"https:\/\/zaytel.si\/sl\/wp-json\/wp\/v2\/pages\/1167\/revisions"}],"predecessor-version":[{"id":1604,"href":"https:\/\/zaytel.si\/sl\/wp-json\/wp\/v2\/pages\/1167\/revisions\/1604"}],"wp:attachment":[{"href":"https:\/\/zaytel.si\/sl\/wp-json\/wp\/v2\/media?parent=1167"}],"curies":[{"name":"wp","href":"https:\/\/api.w.org\/{rel}","templated":true}]}}